{"id":12221,"date":"2024-01-12T15:09:46","date_gmt":"2024-01-12T14:09:46","guid":{"rendered":"https:\/\/rottamipadana.it\/whistleblowing\/"},"modified":"2024-01-16T12:06:59","modified_gmt":"2024-01-16T11:06:59","slug":"whistleblowing","status":"publish","type":"page","link":"https:\/\/rottamipadana.it\/fr\/whistleblowing\/","title":{"rendered":"Whistleblowing"},"content":{"rendered":"\n<p>Afin de promouvoir une culture bas\u00e9e sur l&rsquo;\u00e9thique et la transparence, Rottami Padana SpA a mis en place un canal d&rsquo;information pour signaler (m\u00eame de mani\u00e8re anonyme) chaque infraction pr\u00e9sum\u00e9e commise dans le cadre des activit\u00e9s de l&rsquo;entreprise.<\/p>\n<p>Le rapport peut \u00eatre effectu\u00e9 en utilisant le lien suivant: <a href=\"https:\/\/areariservata.mygovernance.it\/#!\/WB\/ROTTAMI-PADANA\" target=\"_blank\" rel=\"noopener\"><strong>https:\/\/areariservata.mygovernance.it\/#!\/WB\/ROTTAMI-PADANA<\/strong><\/a>.<\/p>\n<p>Apr\u00e8s avoir entr\u00e9 votre email et consult\u00e9 la politique de confidentialit\u00e9, vous recevrez vos identifiants personnels pour effectuer les rapports, m\u00eame de mani\u00e8re anonyme si vous le souhaitez. En utilisant la m\u00eame plateforme, vous recevrez les mises \u00e0 jour appropri\u00e9es suite \u00e0 l&rsquo;\u00e9valuation r\u00e9alis\u00e9e par notre Organe de Surveillance.<\/p>\n<p>Rottami Padana SpA garantit ainsi la protection du lanceur d&rsquo;alerte, conform\u00e9ment \u00e0 la Directive Europ\u00e9enne UE 2019\/1937 sur le whistleblowing.<\/p>\n","protected":false},"excerpt":{"rendered":"<p>Afin de promouvoir une culture bas\u00e9e sur l&rsquo;\u00e9thique et la transparence, Rottami Padana SpA a mis en place un canal d&rsquo;information pour signaler (m\u00eame de mani\u00e8re anonyme) chaque infraction pr\u00e9sum\u00e9e commise dans le cadre des activit\u00e9s de l&rsquo;entreprise. Le rapport peut \u00eatre effectu\u00e9 en utilisant le lien suivant: https:\/\/areariservata.mygovernance.it\/#!\/WB\/ROTTAMI-PADANA. Apr\u00e8s<\/p>\n","protected":false},"author":1,"featured_media":0,"parent":0,"menu_order":0,"comment_status":"closed","ping_status":"closed","template":"","meta":{"_acf_changed":false,"footnotes":""},"class_list":["post-12221","page","type-page","status-publish","hentry"],"acf":[],"yoast_head":"<!-- This site is optimized with the Yoast SEO plugin v27.3 - https:\/\/yoast.com\/product\/yoast-seo-wordpress\/ -->\n<title>Whistleblowing - Rottami Padana S.p.A.<\/title>\n<meta name=\"robots\" content=\"index, follow, max-snippet:-1, max-image-preview:large, max-video-preview:-1\" \/>\n<link rel=\"canonical\" href=\"https:\/\/rottamipadana.it\/fr\/whistleblowing\/\" \/>\n<meta property=\"og:locale\" content=\"fr_FR\" \/>\n<meta property=\"og:type\" content=\"article\" \/>\n<meta property=\"og:title\" content=\"Whistleblowing - Rottami Padana S.p.A.\" \/>\n<meta property=\"og:description\" content=\"Afin de promouvoir une culture bas\u00e9e sur l&rsquo;\u00e9thique et la transparence, Rottami Padana SpA a mis en place un canal d&rsquo;information pour signaler (m\u00eame de mani\u00e8re anonyme) chaque infraction pr\u00e9sum\u00e9e commise dans le cadre des activit\u00e9s de l&rsquo;entreprise. Le rapport peut \u00eatre effectu\u00e9 en utilisant le lien suivant: https:\/\/areariservata.mygovernance.it\/#!\/WB\/ROTTAMI-PADANA. Apr\u00e8s\" \/>\n<meta property=\"og:url\" content=\"https:\/\/rottamipadana.it\/fr\/whistleblowing\/\" \/>\n<meta property=\"og:site_name\" content=\"Rottami Padana S.p.A.\" \/>\n<meta property=\"article:modified_time\" content=\"2024-01-16T11:06:59+00:00\" \/>\n<meta name=\"twitter:card\" content=\"summary_large_image\" \/>\n<meta name=\"twitter:label1\" content=\"Dur\u00e9e de lecture estim\u00e9e\" \/>\n\t<meta name=\"twitter:data1\" content=\"1 minute\" \/>\n<script type=\"application\/ld+json\" class=\"yoast-schema-graph\">{\"@context\":\"https:\\\/\\\/schema.org\",\"@graph\":[{\"@type\":\"WebPage\",\"@id\":\"https:\\\/\\\/rottamipadana.it\\\/fr\\\/whistleblowing\\\/\",\"url\":\"https:\\\/\\\/rottamipadana.it\\\/fr\\\/whistleblowing\\\/\",\"name\":\"Whistleblowing - Rottami Padana S.p.A.\",\"isPartOf\":{\"@id\":\"https:\\\/\\\/rottamipadana.it\\\/fr\\\/#website\"},\"datePublished\":\"2024-01-12T14:09:46+00:00\",\"dateModified\":\"2024-01-16T11:06:59+00:00\",\"breadcrumb\":{\"@id\":\"https:\\\/\\\/rottamipadana.it\\\/fr\\\/whistleblowing\\\/#breadcrumb\"},\"inLanguage\":\"fr-FR\",\"potentialAction\":[{\"@type\":\"ReadAction\",\"target\":[\"https:\\\/\\\/rottamipadana.it\\\/fr\\\/whistleblowing\\\/\"]}]},{\"@type\":\"BreadcrumbList\",\"@id\":\"https:\\\/\\\/rottamipadana.it\\\/fr\\\/whistleblowing\\\/#breadcrumb\",\"itemListElement\":[{\"@type\":\"ListItem\",\"position\":1,\"name\":\"Accueil\",\"item\":\"https:\\\/\\\/rottamipadana.it\\\/fr\\\/\"},{\"@type\":\"ListItem\",\"position\":2,\"name\":\"Whistleblowing\"}]},{\"@type\":\"WebSite\",\"@id\":\"https:\\\/\\\/rottamipadana.it\\\/fr\\\/#website\",\"url\":\"https:\\\/\\\/rottamipadana.it\\\/fr\\\/\",\"name\":\"Rottami Padana S.p.A.\",\"description\":\"Commerce et traitement de d\u00e9chets m\u00e9talliques\",\"publisher\":{\"@id\":\"https:\\\/\\\/rottamipadana.it\\\/fr\\\/#organization\"},\"potentialAction\":[{\"@type\":\"SearchAction\",\"target\":{\"@type\":\"EntryPoint\",\"urlTemplate\":\"https:\\\/\\\/rottamipadana.it\\\/fr\\\/?s={search_term_string}\"},\"query-input\":{\"@type\":\"PropertyValueSpecification\",\"valueRequired\":true,\"valueName\":\"search_term_string\"}}],\"inLanguage\":\"fr-FR\"},{\"@type\":\"Organization\",\"@id\":\"https:\\\/\\\/rottamipadana.it\\\/fr\\\/#organization\",\"name\":\"Rottami Padana S.p.A.\",\"url\":\"https:\\\/\\\/rottamipadana.it\\\/fr\\\/\",\"logo\":{\"@type\":\"ImageObject\",\"inLanguage\":\"fr-FR\",\"@id\":\"https:\\\/\\\/rottamipadana.it\\\/fr\\\/#\\\/schema\\\/logo\\\/image\\\/\",\"url\":\"http:\\\/\\\/rottamipadana.it\\\/wp-content\\\/uploads\\\/2020\\\/08\\\/Rottami-Padana-Favicon.png\",\"contentUrl\":\"http:\\\/\\\/rottamipadana.it\\\/wp-content\\\/uploads\\\/2020\\\/08\\\/Rottami-Padana-Favicon.png\",\"width\":512,\"height\":512,\"caption\":\"Rottami Padana S.p.A.\"},\"image\":{\"@id\":\"https:\\\/\\\/rottamipadana.it\\\/fr\\\/#\\\/schema\\\/logo\\\/image\\\/\"}}]}<\/script>\n<!-- \/ Yoast SEO plugin. -->","yoast_head_json":{"title":"Whistleblowing - Rottami Padana S.p.A.","robots":{"index":"index","follow":"follow","max-snippet":"max-snippet:-1","max-image-preview":"max-image-preview:large","max-video-preview":"max-video-preview:-1"},"canonical":"https:\/\/rottamipadana.it\/fr\/whistleblowing\/","og_locale":"fr_FR","og_type":"article","og_title":"Whistleblowing - Rottami Padana S.p.A.","og_description":"Afin de promouvoir une culture bas\u00e9e sur l&rsquo;\u00e9thique et la transparence, Rottami Padana SpA a mis en place un canal d&rsquo;information pour signaler (m\u00eame de mani\u00e8re anonyme) chaque infraction pr\u00e9sum\u00e9e commise dans le cadre des activit\u00e9s de l&rsquo;entreprise. Le rapport peut \u00eatre effectu\u00e9 en utilisant le lien suivant: https:\/\/areariservata.mygovernance.it\/#!\/WB\/ROTTAMI-PADANA. Apr\u00e8s","og_url":"https:\/\/rottamipadana.it\/fr\/whistleblowing\/","og_site_name":"Rottami Padana S.p.A.","article_modified_time":"2024-01-16T11:06:59+00:00","twitter_card":"summary_large_image","twitter_misc":{"Dur\u00e9e de lecture estim\u00e9e":"1 minute"},"schema":{"@context":"https:\/\/schema.org","@graph":[{"@type":"WebPage","@id":"https:\/\/rottamipadana.it\/fr\/whistleblowing\/","url":"https:\/\/rottamipadana.it\/fr\/whistleblowing\/","name":"Whistleblowing - Rottami Padana S.p.A.","isPartOf":{"@id":"https:\/\/rottamipadana.it\/fr\/#website"},"datePublished":"2024-01-12T14:09:46+00:00","dateModified":"2024-01-16T11:06:59+00:00","breadcrumb":{"@id":"https:\/\/rottamipadana.it\/fr\/whistleblowing\/#breadcrumb"},"inLanguage":"fr-FR","potentialAction":[{"@type":"ReadAction","target":["https:\/\/rottamipadana.it\/fr\/whistleblowing\/"]}]},{"@type":"BreadcrumbList","@id":"https:\/\/rottamipadana.it\/fr\/whistleblowing\/#breadcrumb","itemListElement":[{"@type":"ListItem","position":1,"name":"Accueil","item":"https:\/\/rottamipadana.it\/fr\/"},{"@type":"ListItem","position":2,"name":"Whistleblowing"}]},{"@type":"WebSite","@id":"https:\/\/rottamipadana.it\/fr\/#website","url":"https:\/\/rottamipadana.it\/fr\/","name":"Rottami Padana S.p.A.","description":"Commerce et traitement de d\u00e9chets m\u00e9talliques","publisher":{"@id":"https:\/\/rottamipadana.it\/fr\/#organization"},"potentialAction":[{"@type":"SearchAction","target":{"@type":"EntryPoint","urlTemplate":"https:\/\/rottamipadana.it\/fr\/?s={search_term_string}"},"query-input":{"@type":"PropertyValueSpecification","valueRequired":true,"valueName":"search_term_string"}}],"inLanguage":"fr-FR"},{"@type":"Organization","@id":"https:\/\/rottamipadana.it\/fr\/#organization","name":"Rottami Padana S.p.A.","url":"https:\/\/rottamipadana.it\/fr\/","logo":{"@type":"ImageObject","inLanguage":"fr-FR","@id":"https:\/\/rottamipadana.it\/fr\/#\/schema\/logo\/image\/","url":"http:\/\/rottamipadana.it\/wp-content\/uploads\/2020\/08\/Rottami-Padana-Favicon.png","contentUrl":"http:\/\/rottamipadana.it\/wp-content\/uploads\/2020\/08\/Rottami-Padana-Favicon.png","width":512,"height":512,"caption":"Rottami Padana S.p.A."},"image":{"@id":"https:\/\/rottamipadana.it\/fr\/#\/schema\/logo\/image\/"}}]}},"_links":{"self":[{"href":"https:\/\/rottamipadana.it\/fr\/wp-json\/wp\/v2\/pages\/12221","targetHints":{"allow":["GET"]}}],"collection":[{"href":"https:\/\/rottamipadana.it\/fr\/wp-json\/wp\/v2\/pages"}],"about":[{"href":"https:\/\/rottamipadana.it\/fr\/wp-json\/wp\/v2\/types\/page"}],"author":[{"embeddable":true,"href":"https:\/\/rottamipadana.it\/fr\/wp-json\/wp\/v2\/users\/1"}],"replies":[{"embeddable":true,"href":"https:\/\/rottamipadana.it\/fr\/wp-json\/wp\/v2\/comments?post=12221"}],"version-history":[{"count":2,"href":"https:\/\/rottamipadana.it\/fr\/wp-json\/wp\/v2\/pages\/12221\/revisions"}],"predecessor-version":[{"id":12230,"href":"https:\/\/rottamipadana.it\/fr\/wp-json\/wp\/v2\/pages\/12221\/revisions\/12230"}],"wp:attachment":[{"href":"https:\/\/rottamipadana.it\/fr\/wp-json\/wp\/v2\/media?parent=12221"}],"curies":[{"name":"wp","href":"https:\/\/api.w.org\/{rel}","templated":true}]}}