{"id":11272,"date":"2020-08-21T17:54:36","date_gmt":"2020-08-21T15:54:36","guid":{"rendered":"http:\/\/rottamipadana.it\/azienda\/"},"modified":"2021-05-26T19:16:58","modified_gmt":"2021-05-26T17:16:58","slug":"societe","status":"publish","type":"page","link":"https:\/\/rottamipadana.it\/fr\/societe\/","title":{"rendered":"Soci\u00e9t\u00e9"},"content":{"rendered":"<div class=\"wpb-content-wrapper\"><p>[vc_row css=\u00a0\u00bb.vc_custom_1558754119849{background-image: url(http:\/\/rottamipadana.it\/wp-content\/uploads\/2019\/05\/main-bg-1.png?id=8860) !important;background-position: center !important;background-repeat: no-repeat !important;background-size: cover !important;}\u00a0\u00bb el_id=\u00a0\u00bbfirst-row\u00a0\u00bb][vc_column]\r\n\t<div class=\"bauer-spacer clearfix\" data-desktop=\"94\" data-mobi=\"60\" data-smobi=\"60\"><\/div>[vc_row_inner][vc_column_inner width=\u00a0\u00bb1\/2&Prime;]<div class=\"bauer-single-heading clearfix \" style=\"margin-bottom:25px;\"><span class=\"inner\"><span class=\"heading clearfix \" style=\"font-weight:600;color:#cacaca;font-size:16px;\">\r\n\t\tROTTAMI PADANA SPA\r\n\t<\/span><\/span><\/div><h2 class=\"bauer-text clearfix \" style=\"font-size:42px;line-height:50px;margin-bottom:32px;\"><p>R\u00c9CUP\u00c9RATION ET COMMERCE DES D\u00c9CHETS FERREUX, NON-FERREUX ET DE SUPERALLIAGES<\/p>\n<\/h2><div class=\"bauer-text clearfix \" style=\"font-size:18px;line-height:30px;color:#414042;margin-bottom:34px;\"><p>Rottami Padana SpA s&rsquo;occupe de la r\u00e9cup\u00e9ration des d\u00e9chets m\u00e9talliques depuis 1980 et est un fournisseur qualifi\u00e9 pour les plus importantes fonderies et aci\u00e9ries.<\/p>\n<\/div><div class=\"bauer-text clearfix \" style=\"\"><p>La pr\u00e9sence de l&rsquo;entreprise en Italie et \u00e0 l&rsquo;\u00e9tranger, tant pour l&rsquo;approvisionnement en mat\u00e9riaux que pour la fourniture aux principaux acteurs \u00e9trangers, a renforc\u00e9 notre image dans le monde entier au cours des ann\u00e9es.<\/p>\n<p>Situ\u00e9e dans la zone industrielle de Castegnato dans la province de Brescia, Rottami Padana est depuis 2007 membre d&rsquo;or du BIR, l&rsquo;un des principaux instituts pour les entreprises s&rsquo;occupant de la r\u00e9cup\u00e9ration et du recyclage de l&rsquo;acier inoxydable, du fer et d&rsquo;autres m\u00e9taux ferreux et non-ferreux.<\/p>\n<p>Inscrite au Registre national des entreprises effectuant la gestion des d\u00e9chets dans la section r\u00e9gionale de la Lombardie, Rottami Padana dispose de toutes les autorisations pour la r\u00e9cup\u00e9ration, le traitement et la distribution de nombreuses cat\u00e9gories de d\u00e9chets m\u00e9talliques.<\/p>\n<\/div>\r\n\t<div class=\"bauer-spacer clearfix\" data-desktop=\"60\" data-mobi=\"30\" data-smobi=\"30\"><\/div><div class=\"button-wrap icon-right\" style=\"\" ><a href=\"\/fr\/contact\/\" target=\"_self\" class=\"bauer-button btn-546013787 medium no_icon custom outline solid outline-accent\" style=\"border-radius:30px;border-width:2px;\"  data-background=\"\" data-text=\"#f35c27\" data-text-hover=\"#ffffff\" data-background-hover=\"#f35c27\">\r\n\t\t<span style=\"\">Contactez-nous <\/span>\r\n\t<\/a><\/div>[\/vc_column_inner][vc_column_inner width=\u00a0\u00bb1\/2&Prime;]\r\n\t<div class=\"bauer-spacer clearfix\" data-desktop=\"55\" data-mobi=\"40\" data-smobi=\"40\"><\/div><div class=\"bauer-simple-image text-center\" style=\"\" >\r\n\t\t\t<img decoding=\"async\" alt=\"image\" src=\"https:\/\/rottamipadana.it\/wp-content\/uploads\/2020\/08\/company.jpg\" \/> \r\n\t\t<\/div>[\/vc_column_inner][\/vc_row_inner]\r\n\t<div class=\"bauer-spacer clearfix\" data-desktop=\"100\" data-mobi=\"60\" data-smobi=\"60\"><\/div>[\/vc_column][\/vc_row][vc_row css=\u00a0\u00bb.vc_custom_1599734813815{background-image: url(http:\/\/rottamipadana.it\/wp-content\/uploads\/2020\/09\/bg-hero-big-008.jpg?id=9992) !important;background-position: center !important;background-repeat: no-repeat !important;background-size: cover !important;}\u00a0\u00bb][vc_column]\r\n\t<div class=\"bauer-spacer clearfix\" data-desktop=\"100\" data-mobi=\"60\" data-smobi=\"60\"><\/div>[vc_row_inner column_inner_spacing=\u00a0\u00bb100&Prime;][vc_column_inner el_class=\u00a0\u00bbhz&#8211;prefooter-infobox\u00a0\u00bb width=\u00a0\u00bb1\/2&Prime; offset=\u00a0\u00bbvc_col-sm-offset-3&Prime;]<div class=\"bauer-content-box clearfix \" data-padding=\"47px 50px 47px 50px\" data-mobipadding=\"40px\" data-margin=\"\" data-mobimargin=\"\" >\r\n\t\t<div class=\"inner ctb-520356729\" style=\"\"  data-background=\"rgba(3,15,39,0.6)\" data-rounded=\"5px\" data-border-color=\"rgba(231,231,231,0.3)\" data-border-width=\"1px\">\r\n\t\t\t<h2 class=\"bauer-text clearfix \" style=\"font-size:36px;color:#f2f2f2;margin-bottom:15px;\"><p>Rottami Padana S.p.A.<\/p>\n<\/h2><div class=\"bauer-text clearfix \" style=\"color:#f2f2f2;margin-bottom:25px;\"><p>Pour plus d\u2019informations, vous pouvez nous contacter \u00e0 l\u2019une des adresses suivantes.<\/p>\n<\/div><div class=\"bauer-text clearfix \" style=\"color:#f2f2f2;margin-bottom:15px;\"><p><span class=\"font-weight-500 text-white\">Adresse<\/span><br \/>\n<span class=\"fas fa-map-marker-alt text-accent-color\" style=\"padding-right: 3px;\"><\/span> <span class=\"text-accent-color font-weight-600\"><a href=\"https:\/\/goo.gl\/maps\/1uEkZnGwCL2CZa8J8\" class=\"hover-white\" target=\"_blank\" rel=\"noopener noreferrer\">Via Padana Superiore, 92 &#8211; 25045 Castegnato (BS) &#8211; Italie<\/a><\/span><\/p>\n<\/div><div class=\"bauer-text clearfix \" style=\"color:#f2f2f2;margin-bottom:15px;\"><p><span class=\"font-weight-500 text-white\">T\u00e9l.<\/span><br \/>\n<span class=\"fas fa-phone text-accent-color\" style=\"padding-right: 5px;\"><\/span> <span class=\"text-accent-color font-weight-600\"><a href=\"tel:+390302140298\" class=\"hover-white\" rel=\"noopener noreferrer\">+39 030 2140298<\/a><\/span><\/p>\n<\/div><div class=\"bauer-text clearfix \" style=\"color:#f2f2f2;\"><p><span class=\"font-weight-500 text-white\">Email<\/span><br \/>\n<span class=\"fas fa-envelope text-accent-color\" style=\"padding-right: 5px;\"><\/span> <span class=\"text-accent-color font-weight-600\"><a href=\"mailto:info@rottamipadana.it\" class=\"hover-white\" rel=\"noopener noreferrer\">info@rottamipadana.it<\/a><\/span><\/p>\n<\/div>\r\n\t\t<\/div>\r\n\t<\/div>\r\n\t<div class=\"bauer-spacer clearfix\" data-desktop=\"0\" data-mobi=\"40\" data-smobi=\"40\"><\/div>[\/vc_column_inner][\/vc_row_inner]\r\n\t<div class=\"bauer-spacer clearfix\" data-desktop=\"100\" data-mobi=\"60\" data-smobi=\"60\"><\/div>[\/vc_column][\/vc_row][vc_row disable_element=\u00a0\u00bbyes\u00a0\u00bb css=\u00a0\u00bb.vc_custom_1612294796264{background-image: url(http:\/\/rottamipadana.it\/wp-content\/uploads\/2020\/09\/bg-hero-big-008.jpg?id=9992) !important;background-position: center !important;background-repeat: no-repeat !important;background-size: cover !important;}\u00a0\u00bb][vc_column]\r\n\t<div class=\"bauer-spacer clearfix\" data-desktop=\"100\" data-mobi=\"60\" data-smobi=\"60\"><\/div>[vc_row_inner column_inner_spacing=\u00a0\u00bb100&Prime;][vc_column_inner width=\u00a0\u00bb1\/2&Prime;]<div class=\"bauer-content-box clearfix \" data-padding=\"47px 50px 47px 50px\" data-mobipadding=\"40px\" data-margin=\"\" data-mobimargin=\"\" >\r\n\t\t<div class=\"inner ctb-1459143166\" style=\"\"  data-background=\"rgba(3,15,39,0.6)\" data-rounded=\"5px\" data-border-color=\"rgba(231,231,231,0.3)\" data-border-width=\"1px\">\r\n\t\t\t<h2 class=\"bauer-text clearfix \" style=\"font-size:36px;color:#f2f2f2;margin-bottom:15px;\"><p>Rottami Padana S.p.A.<\/p>\n<\/h2><div class=\"bauer-text clearfix \" style=\"color:#f2f2f2;margin-bottom:25px;\"><p>Pour plus d&rsquo;informations, vous pouvez utiliser notre formulaire ou nous contacter \u00e0 l&rsquo;une des adresses suivantes.<\/p>\n<\/div><div class=\"bauer-text clearfix \" style=\"color:#f2f2f2;margin-bottom:15px;\"><p><span class=\"font-weight-500 text-white\">Adresse<\/span><br \/>\n<span class=\"fas fa-map-marker-alt text-accent-color\" style=\"padding-right: 3px;\"><\/span> <span class=\"text-accent-color font-weight-600\"><a href=\"https:\/\/goo.gl\/maps\/1uEkZnGwCL2CZa8J8\" class=\"hover-white\" target=\"_blank\" rel=\"noopener noreferrer\">Via Padana Superiore, 92 &#8211; 25045 Castegnato (BS) &#8211; Italie<\/a><\/span><\/p>\n<\/div><div class=\"bauer-text clearfix \" style=\"color:#f2f2f2;margin-bottom:15px;\"><p><span class=\"font-weight-500 text-white\">T\u00e9l.<\/span><br \/>\n<span class=\"fas fa-phone text-accent-color\" style=\"padding-right: 5px;\"><\/span> <span class=\"text-accent-color font-weight-600\"><a href=\"tel:+390302140298\" class=\"hover-white\" rel=\"noopener noreferrer\">+39 030 2140298<\/a><\/span><\/p>\n<\/div><div class=\"bauer-text clearfix \" style=\"color:#f2f2f2;\"><p><span class=\"font-weight-500 text-white\">Email<\/span><br \/>\n<span class=\"fas fa-envelope text-accent-color\" style=\"padding-right: 5px;\"><\/span> <span class=\"text-accent-color font-weight-600\"><a href=\"mailto:info@rottamipadana.it\" class=\"hover-white\" rel=\"noopener noreferrer\">info@rottamipadana.it<\/a><\/span><\/p>\n<\/div>\r\n\t\t<\/div>\r\n\t<\/div>\r\n\t<div class=\"bauer-spacer clearfix\" data-desktop=\"0\" data-mobi=\"40\" data-smobi=\"40\"><\/div>[\/vc_column_inner][vc_column_inner width=\u00a0\u00bb1\/2&Prime;]<div class=\"bauer-content-box clearfix \" data-padding=\"53px 35px 53px 35px\" data-mobipadding=\"50px 35px 50px 35px\" data-margin=\"\" data-mobimargin=\"\" >\r\n\t\t<div class=\"inner ctb-897750661\" style=\"background-size:cover;\"  data-background=\"#f7f9fa\" data-rounded=\"5px\" data-border-width=\"1px\">\r\n\t\t\t[contact-form-7 id=\u00a0\u00bb11769&Prime;]\r\n\t\t<\/div>\r\n\t<\/div>[\/vc_column_inner][\/vc_row_inner]\r\n\t<div class=\"bauer-spacer clearfix\" data-desktop=\"100\" data-mobi=\"60\" data-smobi=\"60\"><\/div>[\/vc_column][\/vc_row]<\/p>\n<\/div>","protected":false},"excerpt":{"rendered":"<p>[vc_row css=\u00a0\u00bb.vc_custom_1558754119849{background-image: url(http:\/\/rottamipadana.it\/wp-content\/uploads\/2019\/05\/main-bg-1.png?id=8860) !important;background-position: center !important;background-repeat: no-repeat !important;background-size: cover !important;}\u00a0\u00bb el_id=\u00a0\u00bbfirst-row\u00a0\u00bb][vc_column][vc_row_inner][vc_column_inner width=\u00a0\u00bb1\/2&Prime;][\/vc_column_inner][vc_column_inner width=\u00a0\u00bb1\/2&Prime;][\/vc_column_inner][\/vc_row_inner][\/vc_column][\/vc_row][vc_row css=\u00a0\u00bb.vc_custom_1599734813815{background-image: url(http:\/\/rottamipadana.it\/wp-content\/uploads\/2020\/09\/bg-hero-big-008.jpg?id=9992) !important;background-position: center !important;background-repeat: no-repeat !important;background-size: cover !important;}\u00a0\u00bb][vc_column][vc_row_inner column_inner_spacing=\u00a0\u00bb100&Prime;][vc_column_inner el_class=\u00a0\u00bbhz&#8211;prefooter-infobox\u00a0\u00bb width=\u00a0\u00bb1\/2&Prime; offset=\u00a0\u00bbvc_col-sm-offset-3&Prime;][\/vc_column_inner][\/vc_row_inner][\/vc_column][\/vc_row][vc_row disable_element=\u00a0\u00bbyes\u00a0\u00bb css=\u00a0\u00bb.vc_custom_1612294796264{background-image: url(http:\/\/rottamipadana.it\/wp-content\/uploads\/2020\/09\/bg-hero-big-008.jpg?id=9992) !important;background-position: center !important;background-repeat: no-repeat !important;background-size: cover !important;}\u00a0\u00bb][vc_column][vc_row_inner column_inner_spacing=\u00a0\u00bb100&Prime;][vc_column_inner width=\u00a0\u00bb1\/2&Prime;][\/vc_column_inner][vc_column_inner width=\u00a0\u00bb1\/2&Prime;][\/vc_column_inner][\/vc_row_inner][\/vc_column][\/vc_row]<\/p>\n","protected":false},"author":1,"featured_media":0,"parent":0,"menu_order":0,"comment_status":"closed","ping_status":"closed","template":"","meta":{"_acf_changed":false,"footnotes":""},"class_list":["post-11272","page","type-page","status-publish","hentry"],"acf":[],"yoast_head":"<!-- This site is optimized with the Yoast SEO plugin v27.3 - https:\/\/yoast.com\/product\/yoast-seo-wordpress\/ -->\n<title>Soci\u00e9t\u00e9 - Rottami Padana S.p.A.<\/title>\n<meta name=\"robots\" content=\"index, follow, max-snippet:-1, max-image-preview:large, max-video-preview:-1\" \/>\n<link rel=\"canonical\" href=\"https:\/\/rottamipadana.it\/fr\/societe\/\" \/>\n<meta property=\"og:locale\" content=\"fr_FR\" \/>\n<meta property=\"og:type\" content=\"article\" \/>\n<meta property=\"og:title\" content=\"Soci\u00e9t\u00e9 - Rottami Padana S.p.A.\" \/>\n<meta property=\"og:description\" content=\"[vc_row css=\u00a0\u00bb.vc_custom_1558754119849{background-image: url(http:\/\/rottamipadana.it\/wp-content\/uploads\/2019\/05\/main-bg-1.png?id=8860) !important;background-position: center !important;background-repeat: no-repeat !important;background-size: cover !important;}\u00a0\u00bb el_id=\u00a0\u00bbfirst-row\u00a0\u00bb][vc_column][vc_row_inner][vc_column_inner width=\u00a0\u00bb1\/2&Prime;][\/vc_column_inner][vc_column_inner width=\u00a0\u00bb1\/2&Prime;][\/vc_column_inner][\/vc_row_inner][\/vc_column][\/vc_row][vc_row css=\u00a0\u00bb.vc_custom_1599734813815{background-image: url(http:\/\/rottamipadana.it\/wp-content\/uploads\/2020\/09\/bg-hero-big-008.jpg?id=9992) !important;background-position: center !important;background-repeat: no-repeat !important;background-size: cover !important;}\u00a0\u00bb][vc_column][vc_row_inner column_inner_spacing=\u00a0\u00bb100&Prime;][vc_column_inner el_class=\u00a0\u00bbhz&#8211;prefooter-infobox\u00a0\u00bb width=\u00a0\u00bb1\/2&Prime; offset=\u00a0\u00bbvc_col-sm-offset-3&Prime;][\/vc_column_inner][\/vc_row_inner][\/vc_column][\/vc_row][vc_row disable_element=\u00a0\u00bbyes\u00a0\u00bb css=\u00a0\u00bb.vc_custom_1612294796264{background-image: url(http:\/\/rottamipadana.it\/wp-content\/uploads\/2020\/09\/bg-hero-big-008.jpg?id=9992) !important;background-position: center !important;background-repeat: no-repeat !important;background-size: cover !important;}\u00a0\u00bb][vc_column][vc_row_inner column_inner_spacing=\u00a0\u00bb100&Prime;][vc_column_inner width=\u00a0\u00bb1\/2&Prime;][\/vc_column_inner][vc_column_inner width=\u00a0\u00bb1\/2&Prime;][\/vc_column_inner][\/vc_row_inner][\/vc_column][\/vc_row]\" \/>\n<meta property=\"og:url\" content=\"https:\/\/rottamipadana.it\/fr\/societe\/\" \/>\n<meta property=\"og:site_name\" content=\"Rottami Padana S.p.A.\" \/>\n<meta property=\"article:modified_time\" content=\"2021-05-26T17:16:58+00:00\" \/>\n<meta name=\"twitter:card\" content=\"summary_large_image\" \/>\n<meta name=\"twitter:label1\" content=\"Dur\u00e9e de lecture estim\u00e9e\" \/>\n\t<meta name=\"twitter:data1\" content=\"2 minutes\" \/>\n<script type=\"application\/ld+json\" class=\"yoast-schema-graph\">{\"@context\":\"https:\\\/\\\/schema.org\",\"@graph\":[{\"@type\":\"WebPage\",\"@id\":\"https:\\\/\\\/rottamipadana.it\\\/fr\\\/societe\\\/\",\"url\":\"https:\\\/\\\/rottamipadana.it\\\/fr\\\/societe\\\/\",\"name\":\"Soci\u00e9t\u00e9 - Rottami Padana S.p.A.\",\"isPartOf\":{\"@id\":\"https:\\\/\\\/rottamipadana.it\\\/fr\\\/#website\"},\"datePublished\":\"2020-08-21T15:54:36+00:00\",\"dateModified\":\"2021-05-26T17:16:58+00:00\",\"breadcrumb\":{\"@id\":\"https:\\\/\\\/rottamipadana.it\\\/fr\\\/societe\\\/#breadcrumb\"},\"inLanguage\":\"fr-FR\",\"potentialAction\":[{\"@type\":\"ReadAction\",\"target\":[\"https:\\\/\\\/rottamipadana.it\\\/fr\\\/societe\\\/\"]}]},{\"@type\":\"BreadcrumbList\",\"@id\":\"https:\\\/\\\/rottamipadana.it\\\/fr\\\/societe\\\/#breadcrumb\",\"itemListElement\":[{\"@type\":\"ListItem\",\"position\":1,\"name\":\"Accueil\",\"item\":\"https:\\\/\\\/rottamipadana.it\\\/fr\\\/\"},{\"@type\":\"ListItem\",\"position\":2,\"name\":\"Soci\u00e9t\u00e9\"}]},{\"@type\":\"WebSite\",\"@id\":\"https:\\\/\\\/rottamipadana.it\\\/fr\\\/#website\",\"url\":\"https:\\\/\\\/rottamipadana.it\\\/fr\\\/\",\"name\":\"Rottami Padana S.p.A.\",\"description\":\"Commerce et traitement de d\u00e9chets m\u00e9talliques\",\"publisher\":{\"@id\":\"https:\\\/\\\/rottamipadana.it\\\/fr\\\/#organization\"},\"potentialAction\":[{\"@type\":\"SearchAction\",\"target\":{\"@type\":\"EntryPoint\",\"urlTemplate\":\"https:\\\/\\\/rottamipadana.it\\\/fr\\\/?s={search_term_string}\"},\"query-input\":{\"@type\":\"PropertyValueSpecification\",\"valueRequired\":true,\"valueName\":\"search_term_string\"}}],\"inLanguage\":\"fr-FR\"},{\"@type\":\"Organization\",\"@id\":\"https:\\\/\\\/rottamipadana.it\\\/fr\\\/#organization\",\"name\":\"Rottami Padana S.p.A.\",\"url\":\"https:\\\/\\\/rottamipadana.it\\\/fr\\\/\",\"logo\":{\"@type\":\"ImageObject\",\"inLanguage\":\"fr-FR\",\"@id\":\"https:\\\/\\\/rottamipadana.it\\\/fr\\\/#\\\/schema\\\/logo\\\/image\\\/\",\"url\":\"http:\\\/\\\/rottamipadana.it\\\/wp-content\\\/uploads\\\/2020\\\/08\\\/Rottami-Padana-Favicon.png\",\"contentUrl\":\"http:\\\/\\\/rottamipadana.it\\\/wp-content\\\/uploads\\\/2020\\\/08\\\/Rottami-Padana-Favicon.png\",\"width\":512,\"height\":512,\"caption\":\"Rottami Padana S.p.A.\"},\"image\":{\"@id\":\"https:\\\/\\\/rottamipadana.it\\\/fr\\\/#\\\/schema\\\/logo\\\/image\\\/\"}}]}<\/script>\n<!-- \/ Yoast SEO plugin. -->","yoast_head_json":{"title":"Soci\u00e9t\u00e9 - Rottami Padana S.p.A.","robots":{"index":"index","follow":"follow","max-snippet":"max-snippet:-1","max-image-preview":"max-image-preview:large","max-video-preview":"max-video-preview:-1"},"canonical":"https:\/\/rottamipadana.it\/fr\/societe\/","og_locale":"fr_FR","og_type":"article","og_title":"Soci\u00e9t\u00e9 - Rottami Padana S.p.A.","og_description":"[vc_row css=\u00a0\u00bb.vc_custom_1558754119849{background-image: url(http:\/\/rottamipadana.it\/wp-content\/uploads\/2019\/05\/main-bg-1.png?id=8860) !important;background-position: center !important;background-repeat: no-repeat !important;background-size: cover !important;}\u00a0\u00bb el_id=\u00a0\u00bbfirst-row\u00a0\u00bb][vc_column][vc_row_inner][vc_column_inner width=\u00a0\u00bb1\/2&Prime;][\/vc_column_inner][vc_column_inner width=\u00a0\u00bb1\/2&Prime;][\/vc_column_inner][\/vc_row_inner][\/vc_column][\/vc_row][vc_row css=\u00a0\u00bb.vc_custom_1599734813815{background-image: url(http:\/\/rottamipadana.it\/wp-content\/uploads\/2020\/09\/bg-hero-big-008.jpg?id=9992) !important;background-position: center !important;background-repeat: no-repeat !important;background-size: cover !important;}\u00a0\u00bb][vc_column][vc_row_inner column_inner_spacing=\u00a0\u00bb100&Prime;][vc_column_inner el_class=\u00a0\u00bbhz&#8211;prefooter-infobox\u00a0\u00bb width=\u00a0\u00bb1\/2&Prime; offset=\u00a0\u00bbvc_col-sm-offset-3&Prime;][\/vc_column_inner][\/vc_row_inner][\/vc_column][\/vc_row][vc_row disable_element=\u00a0\u00bbyes\u00a0\u00bb css=\u00a0\u00bb.vc_custom_1612294796264{background-image: url(http:\/\/rottamipadana.it\/wp-content\/uploads\/2020\/09\/bg-hero-big-008.jpg?id=9992) !important;background-position: center !important;background-repeat: no-repeat !important;background-size: cover !important;}\u00a0\u00bb][vc_column][vc_row_inner column_inner_spacing=\u00a0\u00bb100&Prime;][vc_column_inner width=\u00a0\u00bb1\/2&Prime;][\/vc_column_inner][vc_column_inner width=\u00a0\u00bb1\/2&Prime;][\/vc_column_inner][\/vc_row_inner][\/vc_column][\/vc_row]","og_url":"https:\/\/rottamipadana.it\/fr\/societe\/","og_site_name":"Rottami Padana S.p.A.","article_modified_time":"2021-05-26T17:16:58+00:00","twitter_card":"summary_large_image","twitter_misc":{"Dur\u00e9e de lecture estim\u00e9e":"2 minutes"},"schema":{"@context":"https:\/\/schema.org","@graph":[{"@type":"WebPage","@id":"https:\/\/rottamipadana.it\/fr\/societe\/","url":"https:\/\/rottamipadana.it\/fr\/societe\/","name":"Soci\u00e9t\u00e9 - Rottami Padana S.p.A.","isPartOf":{"@id":"https:\/\/rottamipadana.it\/fr\/#website"},"datePublished":"2020-08-21T15:54:36+00:00","dateModified":"2021-05-26T17:16:58+00:00","breadcrumb":{"@id":"https:\/\/rottamipadana.it\/fr\/societe\/#breadcrumb"},"inLanguage":"fr-FR","potentialAction":[{"@type":"ReadAction","target":["https:\/\/rottamipadana.it\/fr\/societe\/"]}]},{"@type":"BreadcrumbList","@id":"https:\/\/rottamipadana.it\/fr\/societe\/#breadcrumb","itemListElement":[{"@type":"ListItem","position":1,"name":"Accueil","item":"https:\/\/rottamipadana.it\/fr\/"},{"@type":"ListItem","position":2,"name":"Soci\u00e9t\u00e9"}]},{"@type":"WebSite","@id":"https:\/\/rottamipadana.it\/fr\/#website","url":"https:\/\/rottamipadana.it\/fr\/","name":"Rottami Padana S.p.A.","description":"Commerce et traitement de d\u00e9chets m\u00e9talliques","publisher":{"@id":"https:\/\/rottamipadana.it\/fr\/#organization"},"potentialAction":[{"@type":"SearchAction","target":{"@type":"EntryPoint","urlTemplate":"https:\/\/rottamipadana.it\/fr\/?s={search_term_string}"},"query-input":{"@type":"PropertyValueSpecification","valueRequired":true,"valueName":"search_term_string"}}],"inLanguage":"fr-FR"},{"@type":"Organization","@id":"https:\/\/rottamipadana.it\/fr\/#organization","name":"Rottami Padana S.p.A.","url":"https:\/\/rottamipadana.it\/fr\/","logo":{"@type":"ImageObject","inLanguage":"fr-FR","@id":"https:\/\/rottamipadana.it\/fr\/#\/schema\/logo\/image\/","url":"http:\/\/rottamipadana.it\/wp-content\/uploads\/2020\/08\/Rottami-Padana-Favicon.png","contentUrl":"http:\/\/rottamipadana.it\/wp-content\/uploads\/2020\/08\/Rottami-Padana-Favicon.png","width":512,"height":512,"caption":"Rottami Padana S.p.A."},"image":{"@id":"https:\/\/rottamipadana.it\/fr\/#\/schema\/logo\/image\/"}}]}},"_links":{"self":[{"href":"https:\/\/rottamipadana.it\/fr\/wp-json\/wp\/v2\/pages\/11272","targetHints":{"allow":["GET"]}}],"collection":[{"href":"https:\/\/rottamipadana.it\/fr\/wp-json\/wp\/v2\/pages"}],"about":[{"href":"https:\/\/rottamipadana.it\/fr\/wp-json\/wp\/v2\/types\/page"}],"author":[{"embeddable":true,"href":"https:\/\/rottamipadana.it\/fr\/wp-json\/wp\/v2\/users\/1"}],"replies":[{"embeddable":true,"href":"https:\/\/rottamipadana.it\/fr\/wp-json\/wp\/v2\/comments?post=11272"}],"version-history":[{"count":6,"href":"https:\/\/rottamipadana.it\/fr\/wp-json\/wp\/v2\/pages\/11272\/revisions"}],"predecessor-version":[{"id":12039,"href":"https:\/\/rottamipadana.it\/fr\/wp-json\/wp\/v2\/pages\/11272\/revisions\/12039"}],"wp:attachment":[{"href":"https:\/\/rottamipadana.it\/fr\/wp-json\/wp\/v2\/media?parent=11272"}],"curies":[{"name":"wp","href":"https:\/\/api.w.org\/{rel}","templated":true}]}}