{"id":12222,"date":"2024-01-12T15:09:46","date_gmt":"2024-01-12T14:09:46","guid":{"rendered":"https:\/\/rottamipadana.it\/whistleblowing\/"},"modified":"2024-01-16T12:07:18","modified_gmt":"2024-01-16T11:07:18","slug":"whistleblowing","status":"publish","type":"page","link":"https:\/\/rottamipadana.it\/de\/whistleblowing\/","title":{"rendered":"Whistleblowing"},"content":{"rendered":"\n<p>Um eine Kultur zu f\u00f6rdern, die auf Ethik und Transparenz basiert, hat Rottami Padana SpA einen Informationskanal eingerichtet, um eventuelle mutma\u00dfliche Straftaten im Rahmen der Unternehmensaktivit\u00e4ten (auch anonym) zu melden.<\/p>\n<p>Der Bericht kann \u00fcber den folgenden Link erstellt werden: <a href=\"https:\/\/areariservata.mygovernance.it\/#!\/WB\/ROTTAMI-PADANA\" target=\"_blank\" rel=\"noopener\"><strong>https:\/\/areariservata.mygovernance.it\/#!\/WB\/ROTTAMI-PADANA<\/strong><\/a>.<\/p>\n<p>Nachdem Sie Ihre E-Mail-Adresse eingegeben und die Datenschutzerkl\u00e4rung gelesen haben, werden Sie Ihre pers\u00f6nlichen Zugangsdaten f\u00fcr die Meldung erhalten, auf Wunsch auch anonym. Auf derselben Plattform wedren Sie nach der von unserem Aufsichtsorgan durchgef\u00fchrten Bewertung die entsprechenden Updates erhalten.<\/p>\n<p>Auf diese Weise gew\u00e4hrleistet Rottami Padana SpA den Schutz des Whistleblowers im Einklang mit der EU-Richtlinie 2019\/1937 zum Whistleblowing.<\/p>\n","protected":false},"excerpt":{"rendered":"<p>Um eine Kultur zu f\u00f6rdern, die auf Ethik und Transparenz basiert, hat Rottami Padana SpA einen Informationskanal eingerichtet, um eventuelle mutma\u00dfliche Straftaten im Rahmen der Unternehmensaktivit\u00e4ten (auch anonym) zu melden. Der Bericht kann \u00fcber den folgenden Link erstellt werden: https:\/\/areariservata.mygovernance.it\/#!\/WB\/ROTTAMI-PADANA. Nachdem Sie Ihre E-Mail-Adresse eingegeben und die Datenschutzerkl\u00e4rung gelesen haben,<\/p>\n","protected":false},"author":1,"featured_media":0,"parent":0,"menu_order":0,"comment_status":"closed","ping_status":"closed","template":"","meta":{"_acf_changed":false,"footnotes":""},"class_list":["post-12222","page","type-page","status-publish","hentry"],"acf":[],"yoast_head":"<!-- This site is optimized with the Yoast SEO plugin v27.3 - https:\/\/yoast.com\/product\/yoast-seo-wordpress\/ -->\n<title>Whistleblowing - Rottami Padana S.p.A.<\/title>\n<meta name=\"robots\" content=\"index, follow, max-snippet:-1, max-image-preview:large, max-video-preview:-1\" \/>\n<link rel=\"canonical\" href=\"https:\/\/rottamipadana.it\/de\/whistleblowing\/\" \/>\n<meta property=\"og:locale\" content=\"de_DE\" \/>\n<meta property=\"og:type\" content=\"article\" \/>\n<meta property=\"og:title\" content=\"Whistleblowing - Rottami Padana S.p.A.\" \/>\n<meta property=\"og:description\" content=\"Um eine Kultur zu f\u00f6rdern, die auf Ethik und Transparenz basiert, hat Rottami Padana SpA einen Informationskanal eingerichtet, um eventuelle mutma\u00dfliche Straftaten im Rahmen der Unternehmensaktivit\u00e4ten (auch anonym) zu melden. Der Bericht kann \u00fcber den folgenden Link erstellt werden: https:\/\/areariservata.mygovernance.it\/#!\/WB\/ROTTAMI-PADANA. Nachdem Sie Ihre E-Mail-Adresse eingegeben und die Datenschutzerkl\u00e4rung gelesen haben,\" \/>\n<meta property=\"og:url\" content=\"https:\/\/rottamipadana.it\/de\/whistleblowing\/\" \/>\n<meta property=\"og:site_name\" content=\"Rottami Padana S.p.A.\" \/>\n<meta property=\"article:modified_time\" content=\"2024-01-16T11:07:18+00:00\" \/>\n<meta name=\"twitter:card\" content=\"summary_large_image\" \/>\n<meta name=\"twitter:label1\" content=\"Gesch\u00e4tzte Lesezeit\" \/>\n\t<meta name=\"twitter:data1\" content=\"1\u00a0Minute\" \/>\n<script type=\"application\/ld+json\" class=\"yoast-schema-graph\">{\"@context\":\"https:\\\/\\\/schema.org\",\"@graph\":[{\"@type\":\"WebPage\",\"@id\":\"https:\\\/\\\/rottamipadana.it\\\/de\\\/whistleblowing\\\/\",\"url\":\"https:\\\/\\\/rottamipadana.it\\\/de\\\/whistleblowing\\\/\",\"name\":\"Whistleblowing - Rottami Padana S.p.A.\",\"isPartOf\":{\"@id\":\"https:\\\/\\\/rottamipadana.it\\\/de\\\/#website\"},\"datePublished\":\"2024-01-12T14:09:46+00:00\",\"dateModified\":\"2024-01-16T11:07:18+00:00\",\"breadcrumb\":{\"@id\":\"https:\\\/\\\/rottamipadana.it\\\/de\\\/whistleblowing\\\/#breadcrumb\"},\"inLanguage\":\"de\",\"potentialAction\":[{\"@type\":\"ReadAction\",\"target\":[\"https:\\\/\\\/rottamipadana.it\\\/de\\\/whistleblowing\\\/\"]}]},{\"@type\":\"BreadcrumbList\",\"@id\":\"https:\\\/\\\/rottamipadana.it\\\/de\\\/whistleblowing\\\/#breadcrumb\",\"itemListElement\":[{\"@type\":\"ListItem\",\"position\":1,\"name\":\"Home\",\"item\":\"https:\\\/\\\/rottamipadana.it\\\/de\\\/\"},{\"@type\":\"ListItem\",\"position\":2,\"name\":\"Whistleblowing\"}]},{\"@type\":\"WebSite\",\"@id\":\"https:\\\/\\\/rottamipadana.it\\\/de\\\/#website\",\"url\":\"https:\\\/\\\/rottamipadana.it\\\/de\\\/\",\"name\":\"Rottami Padana S.p.A.\",\"description\":\"Handel und Verarbeitung von Metallschrott\",\"publisher\":{\"@id\":\"https:\\\/\\\/rottamipadana.it\\\/de\\\/#organization\"},\"potentialAction\":[{\"@type\":\"SearchAction\",\"target\":{\"@type\":\"EntryPoint\",\"urlTemplate\":\"https:\\\/\\\/rottamipadana.it\\\/de\\\/?s={search_term_string}\"},\"query-input\":{\"@type\":\"PropertyValueSpecification\",\"valueRequired\":true,\"valueName\":\"search_term_string\"}}],\"inLanguage\":\"de\"},{\"@type\":\"Organization\",\"@id\":\"https:\\\/\\\/rottamipadana.it\\\/de\\\/#organization\",\"name\":\"Rottami Padana S.p.A.\",\"url\":\"https:\\\/\\\/rottamipadana.it\\\/de\\\/\",\"logo\":{\"@type\":\"ImageObject\",\"inLanguage\":\"de\",\"@id\":\"https:\\\/\\\/rottamipadana.it\\\/de\\\/#\\\/schema\\\/logo\\\/image\\\/\",\"url\":\"http:\\\/\\\/rottamipadana.it\\\/wp-content\\\/uploads\\\/2020\\\/08\\\/Rottami-Padana-Favicon.png\",\"contentUrl\":\"http:\\\/\\\/rottamipadana.it\\\/wp-content\\\/uploads\\\/2020\\\/08\\\/Rottami-Padana-Favicon.png\",\"width\":512,\"height\":512,\"caption\":\"Rottami Padana S.p.A.\"},\"image\":{\"@id\":\"https:\\\/\\\/rottamipadana.it\\\/de\\\/#\\\/schema\\\/logo\\\/image\\\/\"}}]}<\/script>\n<!-- \/ Yoast SEO plugin. -->","yoast_head_json":{"title":"Whistleblowing - Rottami Padana S.p.A.","robots":{"index":"index","follow":"follow","max-snippet":"max-snippet:-1","max-image-preview":"max-image-preview:large","max-video-preview":"max-video-preview:-1"},"canonical":"https:\/\/rottamipadana.it\/de\/whistleblowing\/","og_locale":"de_DE","og_type":"article","og_title":"Whistleblowing - Rottami Padana S.p.A.","og_description":"Um eine Kultur zu f\u00f6rdern, die auf Ethik und Transparenz basiert, hat Rottami Padana SpA einen Informationskanal eingerichtet, um eventuelle mutma\u00dfliche Straftaten im Rahmen der Unternehmensaktivit\u00e4ten (auch anonym) zu melden. Der Bericht kann \u00fcber den folgenden Link erstellt werden: https:\/\/areariservata.mygovernance.it\/#!\/WB\/ROTTAMI-PADANA. Nachdem Sie Ihre E-Mail-Adresse eingegeben und die Datenschutzerkl\u00e4rung gelesen haben,","og_url":"https:\/\/rottamipadana.it\/de\/whistleblowing\/","og_site_name":"Rottami Padana S.p.A.","article_modified_time":"2024-01-16T11:07:18+00:00","twitter_card":"summary_large_image","twitter_misc":{"Gesch\u00e4tzte Lesezeit":"1\u00a0Minute"},"schema":{"@context":"https:\/\/schema.org","@graph":[{"@type":"WebPage","@id":"https:\/\/rottamipadana.it\/de\/whistleblowing\/","url":"https:\/\/rottamipadana.it\/de\/whistleblowing\/","name":"Whistleblowing - Rottami Padana S.p.A.","isPartOf":{"@id":"https:\/\/rottamipadana.it\/de\/#website"},"datePublished":"2024-01-12T14:09:46+00:00","dateModified":"2024-01-16T11:07:18+00:00","breadcrumb":{"@id":"https:\/\/rottamipadana.it\/de\/whistleblowing\/#breadcrumb"},"inLanguage":"de","potentialAction":[{"@type":"ReadAction","target":["https:\/\/rottamipadana.it\/de\/whistleblowing\/"]}]},{"@type":"BreadcrumbList","@id":"https:\/\/rottamipadana.it\/de\/whistleblowing\/#breadcrumb","itemListElement":[{"@type":"ListItem","position":1,"name":"Home","item":"https:\/\/rottamipadana.it\/de\/"},{"@type":"ListItem","position":2,"name":"Whistleblowing"}]},{"@type":"WebSite","@id":"https:\/\/rottamipadana.it\/de\/#website","url":"https:\/\/rottamipadana.it\/de\/","name":"Rottami Padana S.p.A.","description":"Handel und Verarbeitung von Metallschrott","publisher":{"@id":"https:\/\/rottamipadana.it\/de\/#organization"},"potentialAction":[{"@type":"SearchAction","target":{"@type":"EntryPoint","urlTemplate":"https:\/\/rottamipadana.it\/de\/?s={search_term_string}"},"query-input":{"@type":"PropertyValueSpecification","valueRequired":true,"valueName":"search_term_string"}}],"inLanguage":"de"},{"@type":"Organization","@id":"https:\/\/rottamipadana.it\/de\/#organization","name":"Rottami Padana S.p.A.","url":"https:\/\/rottamipadana.it\/de\/","logo":{"@type":"ImageObject","inLanguage":"de","@id":"https:\/\/rottamipadana.it\/de\/#\/schema\/logo\/image\/","url":"http:\/\/rottamipadana.it\/wp-content\/uploads\/2020\/08\/Rottami-Padana-Favicon.png","contentUrl":"http:\/\/rottamipadana.it\/wp-content\/uploads\/2020\/08\/Rottami-Padana-Favicon.png","width":512,"height":512,"caption":"Rottami Padana S.p.A."},"image":{"@id":"https:\/\/rottamipadana.it\/de\/#\/schema\/logo\/image\/"}}]}},"_links":{"self":[{"href":"https:\/\/rottamipadana.it\/de\/wp-json\/wp\/v2\/pages\/12222","targetHints":{"allow":["GET"]}}],"collection":[{"href":"https:\/\/rottamipadana.it\/de\/wp-json\/wp\/v2\/pages"}],"about":[{"href":"https:\/\/rottamipadana.it\/de\/wp-json\/wp\/v2\/types\/page"}],"author":[{"embeddable":true,"href":"https:\/\/rottamipadana.it\/de\/wp-json\/wp\/v2\/users\/1"}],"replies":[{"embeddable":true,"href":"https:\/\/rottamipadana.it\/de\/wp-json\/wp\/v2\/comments?post=12222"}],"version-history":[{"count":2,"href":"https:\/\/rottamipadana.it\/de\/wp-json\/wp\/v2\/pages\/12222\/revisions"}],"predecessor-version":[{"id":12231,"href":"https:\/\/rottamipadana.it\/de\/wp-json\/wp\/v2\/pages\/12222\/revisions\/12231"}],"wp:attachment":[{"href":"https:\/\/rottamipadana.it\/de\/wp-json\/wp\/v2\/media?parent=12222"}],"curies":[{"name":"wp","href":"https:\/\/api.w.org\/{rel}","templated":true}]}}