{"id":11185,"date":"2017-10-16T13:54:07","date_gmt":"2017-10-16T11:54:07","guid":{"rendered":"http:\/\/rottamipadana.it\/contatti\/"},"modified":"2024-07-31T14:55:40","modified_gmt":"2024-07-31T12:55:40","slug":"kontakte","status":"publish","type":"page","link":"https:\/\/rottamipadana.it\/de\/kontakte\/","title":{"rendered":"Kontakte"},"content":{"rendered":"<div class=\"wpb-content-wrapper\"><p>[vc_row fullwidth=&#8220;yes&#8220; css=&#8220;.vc_custom_1598192251493{background-color: #f7f9fa !important;background-position: center !important;background-repeat: no-repeat !important;background-size: cover !important;}&#8220;][vc_column][vc_gmaps link=&#8220;#E-8_JTNDaWZyYW1lJTIwc3JjJTNEJTIyaHR0cHMlM0ElMkYlMkZ3d3cuZ29vZ2xlLmNvbSUyRm1hcHMlMkZlbWJlZCUzRnBiJTNEJTIxMW0xNCUyMTFtOCUyMTFtMyUyMTFkMTExNzUuNDMxNTA2MzAwMTIlMjEyZDEwLjEwNDc3MjUlMjEzZDQ1LjU1MzE4NDUlMjEzbTIlMjExaTEwMjQlMjEyaTc2OCUyMTRmMTMuMSUyMTNtMyUyMTFtMiUyMTFzMHgwJTI1M0EweDMwNDIwOTQ0NTU0ZWVkMjAlMjEyc1JvdHRhbWklMjUyMFBhZGFuYSUyNTIwUy5wLkEuJTIxNWUwJTIxM20yJTIxMXNpdCUyMTJzaXQlMjE0djE1OTgxOTIxMzkwOTclMjE1bTIlMjExc2l0JTIxMnNpdCUyMiUyMHdpZHRoJTNEJTIyNjAwJTIyJTIwaGVpZ2h0JTNEJTIyNDUwJTIyJTIwZnJhbWVib3JkZXIlM0QlMjIwJTIyJTIwc3R5bGUlM0QlMjJib3JkZXIlM0EwJTIyJTIwYWxsb3dmdWxsc2NyZWVuJTNFJTNDJTJGaWZyYW1lJTNF&#8220;][\/vc_column][\/vc_row][vc_row css=&#8220;.vc_custom_1598198862866{background: #f7f9fa url(http:\/\/rottamipadana.it\/wp-content\/uploads\/2019\/05\/handy-bg-3.png?id=8929) !important;background-position: center !important;background-repeat: no-repeat !important;background-size: cover !important;}&#8220;][vc_column][vc_row_inner][vc_column_inner el_class=&#8220;hz&#8211;prefooter-infobox&#8220; width=&#8220;1\/2&#8243; offset=&#8220;vc_col-sm-offset-3&#8243;]\r\n\t<div class=\"bauer-spacer clearfix\" data-desktop=\"94\" data-mobi=\"60\" data-smobi=\"60\"><\/div><h2 class=\"bauer-text clearfix \" style=\"font-size:42px;line-height:50px;margin-bottom:12px;\"><p>Rottami Padana S.p.A.<\/p>\n<\/h2><div class=\"bauer-text clearfix \" style=\"color:#030f27;\"><p>F\u00fcr weitere Informationen k\u00f6nnen Sie uns \u00fcber eine der folgenden Kontaktm\u00f6glichkeiten kontaktieren.<\/p>\n<\/div>\r\n\t<div class=\"bauer-spacer clearfix\" data-desktop=\"60\" data-mobi=\"40\" data-smobi=\"40\"><\/div><div class=\"bauer-icon-box clearfix icon-left align-left  simple\" style=\"\" ><div class=\"wrap-inner\" style=\"position: relative;\"><div class=\"bauer-icon icon-1409673696 custom custom\"  data-icon=\"#ff5d00\" data-background=\"rgba(243,92,39,0.2)\">\r\n\t\t\t\t<span class=\"icon\" style=\"font-size:32px;width:70px;height:70px;border-style:solid;border-radius:40px;line-height:74px; box-shadow: 0px 0px 0px 5px rgba(243,92,39,0.1)\"><i class=\"elegant-icon_pin_alt\"><\/i><\/span>\r\n\t\t\t<\/div> <h3 class=\"heading \" style=\"padding-left:85px;font-size:18px;margin-bottom:1px;\">\r\n\t\t\t<span>Adresse<\/span>\r\n\t\t<\/h3><div class=\"desc\" style=\"padding-left:85px;\"><p><strong><a href=\"https:\/\/goo.gl\/maps\/1uEkZnGwCL2CZa8J8\" target=\"_blank\" rel=\"noopener noreferrer\">Via Padana Superiore, 92<br \/>\n25045 Castegnato (BS) &#8211; Italien<\/a><\/strong><\/p>\n<\/div> <\/div><\/div>\r\n\t<div class=\"bauer-spacer clearfix\" data-desktop=\"18\" data-mobi=\"18\" data-smobi=\"18\"><\/div><div class=\"bauer-divider divider-left divider-solid\" style=\"border-top-color:#e7e7e7;\"><\/div><div class=\"clearfix\"><\/div>\r\n\t<div class=\"bauer-spacer clearfix\" data-desktop=\"18\" data-mobi=\"18\" data-smobi=\"18\"><\/div><div class=\"bauer-icon-box clearfix icon-left align-left  simple\" style=\"\" ><div class=\"wrap-inner\" style=\"position: relative;\"><div class=\"bauer-icon icon-1443085584 custom custom\"  data-icon=\"#ff5d00\" data-background=\"rgba(243,92,39,0.2)\">\r\n\t\t\t\t<span class=\"icon\" style=\"font-size:32px;width:70px;height:70px;border-style:solid;border-radius:40px;line-height:74px;margin-top:4px; box-shadow: 0px 0px 0px 5px rgba(243,92,39,0.1)\"><i class=\"elegant-icon_phone\"><\/i><\/span>\r\n\t\t\t<\/div> <h3 class=\"heading \" style=\"padding-left:100px;font-size:18px;margin-bottom:1px;\">\r\n\t\t\t<span>Telefon<\/span>\r\n\t\t<\/h3><div class=\"desc\" style=\"padding-left:100px;\"><p>Tel: <strong><a href=\"tel:+390302140298\">+39 030 2140298<\/a><\/strong><br \/>\nFax: <strong><a href=\"tel:+390302147182\">+39 030 2147182<\/a><\/strong><\/p>\n<\/div> <\/div><\/div>\r\n\t<div class=\"bauer-spacer clearfix\" data-desktop=\"18\" data-mobi=\"18\" data-smobi=\"18\"><\/div><div class=\"bauer-divider divider-left divider-solid\" style=\"border-top-color:#e7e7e7;\"><\/div><div class=\"clearfix\"><\/div>\r\n\t<div class=\"bauer-spacer clearfix\" data-desktop=\"18\" data-mobi=\"18\" data-smobi=\"18\"><\/div><div class=\"bauer-icon-box clearfix icon-left align-left  simple\" style=\"\" ><div class=\"wrap-inner\" style=\"position: relative;\"><div class=\"bauer-icon icon-1951425802 custom custom\"  data-icon=\"#ff5d00\" data-background=\"rgba(243,92,39,0.2)\">\r\n\t\t\t\t<span class=\"icon\" style=\"font-size:32px;width:70px;height:70px;border-style:solid;border-radius:40px;line-height:74px;margin-top:4px; box-shadow: 0px 0px 0px 5px rgba(243,92,39,0.1)\"><i class=\"elegant-icon_mail_alt\"><\/i><\/span>\r\n\t\t\t<\/div> <h3 class=\"heading \" style=\"padding-left:100px;font-size:18px;margin-bottom:1px;\">\r\n\t\t\t<span>E-Mail<\/span>\r\n\t\t<\/h3><div class=\"desc\" style=\"padding-left:100px;\"><p>Mitteilungen: <strong><a href=\"mailto:info@rottamipadana.it\">info@rottamipadana.it<\/a><\/strong><br \/>\nAdministration: <strong><a href=\"mailto:amministrazione@rottamipadana.it\">amministrazione@rottamipadana.it<\/a><\/strong><br \/>\nQualit\u00e4tspr\u00fcfung: <strong><a href=\"mailto:mattiadamonti@rottamipadana.it\">mattiadamonti@rottamipadana.it<\/a><\/strong><\/p>\n<\/div> <\/div><\/div>\r\n\t<div class=\"bauer-spacer clearfix\" data-desktop=\"18\" data-mobi=\"18\" data-smobi=\"18\"><\/div><div class=\"bauer-divider divider-left divider-solid\" style=\"border-top-color:#e7e7e7;\"><\/div><div class=\"clearfix\"><\/div>\r\n\t<div class=\"bauer-spacer clearfix\" data-desktop=\"0\" data-mobi=\"50\" data-smobi=\"50\"><\/div>[\/vc_column_inner][\/vc_row_inner]\r\n\t<div class=\"bauer-spacer clearfix\" data-desktop=\"100\" data-mobi=\"60\" data-smobi=\"60\"><\/div>[\/vc_column][\/vc_row][vc_row disable_element=&#8220;yes&#8220; css=&#8220;.vc_custom_1612294603777{background: #f7f9fa url(http:\/\/rottamipadana.it\/wp-content\/uploads\/2019\/05\/handy-bg-3.png?id=8929) !important;background-position: center !important;background-repeat: no-repeat !important;background-size: cover !important;}&#8220;][vc_column][vc_row_inner][vc_column_inner width=&#8220;1\/2&#8243;]\r\n\t<div class=\"bauer-spacer clearfix\" data-desktop=\"94\" data-mobi=\"60\" data-smobi=\"60\"><\/div><h2 class=\"bauer-text clearfix \" style=\"font-size:42px;line-height:50px;margin-bottom:12px;\"><p>Rottami Padana S.p.A.<\/p>\n<\/h2><div class=\"bauer-text clearfix \" style=\"color:#030f27;\"><p>F\u00fcr weitere Informationen k\u00f6nnen Sie das Formular ausf\u00fcllen oder uns \u00fcber eine der folgenden Kontaktm\u00f6glichkeiten kontaktieren.<\/p>\n<\/div>\r\n\t<div class=\"bauer-spacer clearfix\" data-desktop=\"60\" data-mobi=\"40\" data-smobi=\"40\"><\/div><div class=\"bauer-icon-box clearfix icon-left align-left  simple\" style=\"\" ><div class=\"wrap-inner\" style=\"position: relative;\"><div class=\"bauer-icon icon-1073412030 custom custom\"  data-icon=\"#ff5d00\" data-background=\"rgba(243,92,39,0.2)\">\r\n\t\t\t\t<span class=\"icon\" style=\"font-size:32px;width:70px;height:70px;border-style:solid;border-radius:40px;line-height:74px; box-shadow: 0px 0px 0px 5px rgba(243,92,39,0.1)\"><i class=\"elegant-icon_pin_alt\"><\/i><\/span>\r\n\t\t\t<\/div> <h3 class=\"heading \" style=\"padding-left:85px;font-size:18px;margin-bottom:1px;\">\r\n\t\t\t<span>Adresse<\/span>\r\n\t\t<\/h3><div class=\"desc\" style=\"padding-left:85px;\"><p><strong><a href=\"https:\/\/goo.gl\/maps\/1uEkZnGwCL2CZa8J8\" target=\"_blank\" rel=\"noopener noreferrer\">Via Padana Superiore, 92<br \/>\n25045 Castegnato (BS) &#8211; Italien<\/a><\/strong><\/p>\n<\/div> <\/div><\/div>\r\n\t<div class=\"bauer-spacer clearfix\" data-desktop=\"18\" data-mobi=\"18\" data-smobi=\"18\"><\/div><div class=\"bauer-divider divider-left divider-solid\" style=\"border-top-color:#e7e7e7;\"><\/div><div class=\"clearfix\"><\/div>\r\n\t<div class=\"bauer-spacer clearfix\" data-desktop=\"18\" data-mobi=\"18\" data-smobi=\"18\"><\/div><div class=\"bauer-icon-box clearfix icon-left align-left  simple\" style=\"\" ><div class=\"wrap-inner\" style=\"position: relative;\"><div class=\"bauer-icon icon-1371515496 custom custom\"  data-icon=\"#ff5d00\" data-background=\"rgba(243,92,39,0.2)\">\r\n\t\t\t\t<span class=\"icon\" style=\"font-size:32px;width:70px;height:70px;border-style:solid;border-radius:40px;line-height:74px;margin-top:4px; box-shadow: 0px 0px 0px 5px rgba(243,92,39,0.1)\"><i class=\"elegant-icon_phone\"><\/i><\/span>\r\n\t\t\t<\/div> <h3 class=\"heading \" style=\"padding-left:100px;font-size:18px;margin-bottom:1px;\">\r\n\t\t\t<span>Telefon<\/span>\r\n\t\t<\/h3><div class=\"desc\" style=\"padding-left:100px;\"><p>Tel: <strong><a href=\"tel:+390302140298\">+39 030 2140298<\/a><\/strong><br \/>\nFax: <strong><a href=\"tel:+390302147182\">+39 030 2147182<\/a><\/strong><\/p>\n<\/div> <\/div><\/div>\r\n\t<div class=\"bauer-spacer clearfix\" data-desktop=\"18\" data-mobi=\"18\" data-smobi=\"18\"><\/div><div class=\"bauer-divider divider-left divider-solid\" style=\"border-top-color:#e7e7e7;\"><\/div><div class=\"clearfix\"><\/div>\r\n\t<div class=\"bauer-spacer clearfix\" data-desktop=\"18\" data-mobi=\"18\" data-smobi=\"18\"><\/div><div class=\"bauer-icon-box clearfix icon-left align-left  simple\" style=\"\" ><div class=\"wrap-inner\" style=\"position: relative;\"><div class=\"bauer-icon icon-57233656 custom custom\"  data-icon=\"#ff5d00\" data-background=\"rgba(243,92,39,0.2)\">\r\n\t\t\t\t<span class=\"icon\" style=\"font-size:32px;width:70px;height:70px;border-style:solid;border-radius:40px;line-height:74px;margin-top:4px; box-shadow: 0px 0px 0px 5px rgba(243,92,39,0.1)\"><i class=\"elegant-icon_mail_alt\"><\/i><\/span>\r\n\t\t\t<\/div> <h3 class=\"heading \" style=\"padding-left:100px;font-size:18px;margin-bottom:1px;\">\r\n\t\t\t<span>E-Mail<\/span>\r\n\t\t<\/h3><div class=\"desc\" style=\"padding-left:100px;\"><p>Mitteilungen: <strong><a href=\"mailto:info@rottamipadana.it\">info@rottamipadana.it<\/a><\/strong><br \/>\nAdministration: <strong><a href=\"mailto:amministrazione@rottamipadana.it\">amministrazione@rottamipadana.it<\/a><\/strong><br \/>\nQualit\u00e4tspr\u00fcfung: <strong><a href=\"mailto:mattiadamonti@rottamipadana.it\">mattiadamonti@rottamipadana.it<\/a><\/strong><\/p>\n<\/div> <\/div><\/div>\r\n\t<div class=\"bauer-spacer clearfix\" data-desktop=\"18\" data-mobi=\"18\" data-smobi=\"18\"><\/div><div class=\"bauer-divider divider-left divider-solid\" style=\"border-top-color:#e7e7e7;\"><\/div><div class=\"clearfix\"><\/div>\r\n\t<div class=\"bauer-spacer clearfix\" data-desktop=\"0\" data-mobi=\"50\" data-smobi=\"50\"><\/div>[\/vc_column_inner][vc_column_inner width=&#8220;1\/2&#8243;]<div class=\"bauer-content-box clearfix \" data-padding=\"53px 35px 60px 35px\" data-mobipadding=\"50px 35px 50px 35px\" data-margin=\"-50px 0px 0px 0px\" data-mobimargin=\"0px 0px 0px 0px\" >\r\n\t\t<div class=\"inner ctb-1157966850\" style=\"\"  data-background=\"#ffffff\" data-rounded=\"5px\" data-border-width=\"1px\" data-shadow=\" 0px 0px 20px 0px rgba(3,15,39,0.07)\">\r\n\t\t\t[contact-form-7 id=&#8220;10608&#8243;]\r\n\t\t<\/div>\r\n\t<\/div>[\/vc_column_inner][\/vc_row_inner]\r\n\t<div class=\"bauer-spacer clearfix\" data-desktop=\"100\" data-mobi=\"60\" data-smobi=\"60\"><\/div>[\/vc_column][\/vc_row][vc_row][vc_column]\r\n\t<div class=\"bauer-spacer clearfix\" data-desktop=\"100\" data-mobi=\"60\" data-smobi=\"60\"><\/div><h2 class=\"bauer-text clearfix text-center\" style=\"margin-bottom:25px;\"><p>Verweis<\/p>\n<\/h2>\r\n<div class=\"bauer-team style-1 text-center arrow-center offsetcenter offset-v0 bullet-square  has-bullets arrow50\" data-auto=\"false\" data-loop=\"false\" data-column=\"1\" data-column2=\"1\" data-column3=\"1\" data-gap=\"40\">\r\n\t\r\n\t<div class=\"owl-carousel owl-theme\">\r\n\t            \t<div class=\"member-item clearfix\">\r\n        \t\t<div class=\"inner\">\r\n        \t\t\t\r\n\t\t            \t    \t\t\t\t<div class=\"thumb\">\r\n\t\t    \t\t\t\t<img decoding=\"async\" width=\"310\" height=\"310\" src=\"https:\/\/rottamipadana.it\/wp-content\/uploads\/2020\/08\/lorenzo-zanetti-1.jpg\" class=\"attachment-full size-full wp-post-image\" alt=\"\" srcset=\"https:\/\/rottamipadana.it\/wp-content\/uploads\/2020\/08\/lorenzo-zanetti-1.jpg 310w, https:\/\/rottamipadana.it\/wp-content\/uploads\/2020\/08\/lorenzo-zanetti-1-300x300.jpg 300w, https:\/\/rottamipadana.it\/wp-content\/uploads\/2020\/08\/lorenzo-zanetti-1-150x150.jpg 150w, https:\/\/rottamipadana.it\/wp-content\/uploads\/2020\/08\/lorenzo-zanetti-1-140x140.jpg 140w, https:\/\/rottamipadana.it\/wp-content\/uploads\/2020\/08\/lorenzo-zanetti-1-100x100.jpg 100w\" sizes=\"(max-width: 310px) 100vw, 310px\" \/>\t    \t\t\t\t<\/div><!-- \/.thumb -->\r\n\t         \t\t\r\n                 \t                 \t\t<div class=\"text-wrap\" style=\"padding:0px 0px 0px 0px;\">\r\n\t\t\t\t\t        \t\t\t\t\t        \t<h4 class=\"name\" style=\"margin-top:15px;\">\r\n\t\t\t\t\t        \tLorenzo Zanetti<\/h4>\r\n\t\t\t\t\t        \r\n\t\t\t\t\t        \t\t\t\t\t        \t<h5 class=\"position\" style=\"line-height:25px;margin-bottom:50px;\">\r\n\t\t\t\t\t        \tCEO - Trading Department<br \/>\r\n<a href=\"mailto:lorenzozanetti@rottamipadana.it\" class=\"text-accent-color\"><i class=\"elegant-icon_mail\"><\/i> lorenzozanetti@rottamipadana.it<\/a><br \/>\r\n<a href=\"tel:+393207157460\" class=\"text-accent-color\"><i class=\"elegant-icon_phone\"><\/i>+39 320 7157460<\/a><\/h5>\r\n\t\t\t\t\t        \r\n\t\t\t\t\t        \t\t\t\t        <\/div>\r\n\t\t\t                \t\t<\/div><!-- \/.inner -->\r\n            <\/div><!-- \/.member-item -->\r\n\t\t\t<\/div><!-- \/.owl-carousel -->\r\n\r\n<\/div><!-- \/.bauer-team -->\r\n\r\n\r\n\t<div class=\"bauer-spacer clearfix\" data-desktop=\"100\" data-mobi=\"60\" data-smobi=\"60\"><\/div>[\/vc_column][\/vc_row]<\/p>\n<\/div>","protected":false},"excerpt":{"rendered":"<p>[vc_row fullwidth=&#8220;yes&#8220; css=&#8220;.vc_custom_1598192251493{background-color: #f7f9fa !important;background-position: center !important;background-repeat: no-repeat !important;background-size: cover !important;}&#8220;][vc_column][vc_gmaps link=&#8220;#E-8_JTNDaWZyYW1lJTIwc3JjJTNEJTIyaHR0cHMlM0ElMkYlMkZ3d3cuZ29vZ2xlLmNvbSUyRm1hcHMlMkZlbWJlZCUzRnBiJTNEJTIxMW0xNCUyMTFtOCUyMTFtMyUyMTFkMTExNzUuNDMxNTA2MzAwMTIlMjEyZDEwLjEwNDc3MjUlMjEzZDQ1LjU1MzE4NDUlMjEzbTIlMjExaTEwMjQlMjEyaTc2OCUyMTRmMTMuMSUyMTNtMyUyMTFtMiUyMTFzMHgwJTI1M0EweDMwNDIwOTQ0NTU0ZWVkMjAlMjEyc1JvdHRhbWklMjUyMFBhZGFuYSUyNTIwUy5wLkEuJTIxNWUwJTIxM20yJTIxMXNpdCUyMTJzaXQlMjE0djE1OTgxOTIxMzkwOTclMjE1bTIlMjExc2l0JTIxMnNpdCUyMiUyMHdpZHRoJTNEJTIyNjAwJTIyJTIwaGVpZ2h0JTNEJTIyNDUwJTIyJTIwZnJhbWVib3JkZXIlM0QlMjIwJTIyJTIwc3R5bGUlM0QlMjJib3JkZXIlM0EwJTIyJTIwYWxsb3dmdWxsc2NyZWVuJTNFJTNDJTJGaWZyYW1lJTNF&#8220;][\/vc_column][\/vc_row][vc_row css=&#8220;.vc_custom_1598198862866{background: #f7f9fa url(http:\/\/rottamipadana.it\/wp-content\/uploads\/2019\/05\/handy-bg-3.png?id=8929) !important;background-position: center !important;background-repeat: no-repeat !important;background-size: cover !important;}&#8220;][vc_column][vc_row_inner][vc_column_inner el_class=&#8220;hz&#8211;prefooter-infobox&#8220; width=&#8220;1\/2&#8243; offset=&#8220;vc_col-sm-offset-3&#8243;][\/vc_column_inner][\/vc_row_inner][\/vc_column][\/vc_row][vc_row disable_element=&#8220;yes&#8220; css=&#8220;.vc_custom_1612294603777{background: #f7f9fa url(http:\/\/rottamipadana.it\/wp-content\/uploads\/2019\/05\/handy-bg-3.png?id=8929) !important;background-position: center !important;background-repeat: no-repeat !important;background-size: cover !important;}&#8220;][vc_column][vc_row_inner][vc_column_inner width=&#8220;1\/2&#8243;][\/vc_column_inner][vc_column_inner width=&#8220;1\/2&#8243;][\/vc_column_inner][\/vc_row_inner][\/vc_column][\/vc_row][vc_row][vc_column][\/vc_column][\/vc_row]<\/p>\n","protected":false},"author":1,"featured_media":0,"parent":0,"menu_order":0,"comment_status":"closed","ping_status":"closed","template":"","meta":{"_acf_changed":false,"footnotes":""},"class_list":["post-11185","page","type-page","status-publish","hentry"],"acf":[],"yoast_head":"<!-- This site is optimized with the Yoast SEO plugin v27.3 - https:\/\/yoast.com\/product\/yoast-seo-wordpress\/ -->\n<title>Kontakte - Rottami Padana S.p.A.<\/title>\n<meta name=\"robots\" content=\"index, follow, max-snippet:-1, max-image-preview:large, max-video-preview:-1\" \/>\n<link rel=\"canonical\" href=\"https:\/\/rottamipadana.it\/de\/kontakte\/\" \/>\n<meta property=\"og:locale\" content=\"de_DE\" \/>\n<meta property=\"og:type\" content=\"article\" \/>\n<meta property=\"og:title\" content=\"Kontakte - Rottami Padana S.p.A.\" \/>\n<meta property=\"og:description\" content=\"[vc_row fullwidth=&#8220;yes&#8220; css=&#8220;.vc_custom_1598192251493{background-color: #f7f9fa !important;background-position: center !important;background-repeat: no-repeat !important;background-size: cover !important;}&#8220;][vc_column][vc_gmaps link=&#8220;#E-8_JTNDaWZyYW1lJTIwc3JjJTNEJTIyaHR0cHMlM0ElMkYlMkZ3d3cuZ29vZ2xlLmNvbSUyRm1hcHMlMkZlbWJlZCUzRnBiJTNEJTIxMW0xNCUyMTFtOCUyMTFtMyUyMTFkMTExNzUuNDMxNTA2MzAwMTIlMjEyZDEwLjEwNDc3MjUlMjEzZDQ1LjU1MzE4NDUlMjEzbTIlMjExaTEwMjQlMjEyaTc2OCUyMTRmMTMuMSUyMTNtMyUyMTFtMiUyMTFzMHgwJTI1M0EweDMwNDIwOTQ0NTU0ZWVkMjAlMjEyc1JvdHRhbWklMjUyMFBhZGFuYSUyNTIwUy5wLkEuJTIxNWUwJTIxM20yJTIxMXNpdCUyMTJzaXQlMjE0djE1OTgxOTIxMzkwOTclMjE1bTIlMjExc2l0JTIxMnNpdCUyMiUyMHdpZHRoJTNEJTIyNjAwJTIyJTIwaGVpZ2h0JTNEJTIyNDUwJTIyJTIwZnJhbWVib3JkZXIlM0QlMjIwJTIyJTIwc3R5bGUlM0QlMjJib3JkZXIlM0EwJTIyJTIwYWxsb3dmdWxsc2NyZWVuJTNFJTNDJTJGaWZyYW1lJTNF&#8220;][\/vc_column][\/vc_row][vc_row css=&#8220;.vc_custom_1598198862866{background: #f7f9fa url(http:\/\/rottamipadana.it\/wp-content\/uploads\/2019\/05\/handy-bg-3.png?id=8929) !important;background-position: center !important;background-repeat: no-repeat !important;background-size: cover !important;}&#8220;][vc_column][vc_row_inner][vc_column_inner el_class=&#8220;hz&#8211;prefooter-infobox&#8220; width=&#8220;1\/2&#8243; offset=&#8220;vc_col-sm-offset-3&#8243;][\/vc_column_inner][\/vc_row_inner][\/vc_column][\/vc_row][vc_row disable_element=&#8220;yes&#8220; css=&#8220;.vc_custom_1612294603777{background: #f7f9fa url(http:\/\/rottamipadana.it\/wp-content\/uploads\/2019\/05\/handy-bg-3.png?id=8929) !important;background-position: center !important;background-repeat: no-repeat !important;background-size: cover !important;}&#8220;][vc_column][vc_row_inner][vc_column_inner width=&#8220;1\/2&#8243;][\/vc_column_inner][vc_column_inner width=&#8220;1\/2&#8243;][\/vc_column_inner][\/vc_row_inner][\/vc_column][\/vc_row][vc_row][vc_column][\/vc_column][\/vc_row]\" \/>\n<meta property=\"og:url\" content=\"https:\/\/rottamipadana.it\/de\/kontakte\/\" \/>\n<meta property=\"og:site_name\" content=\"Rottami Padana S.p.A.\" \/>\n<meta property=\"article:modified_time\" content=\"2024-07-31T12:55:40+00:00\" \/>\n<meta name=\"twitter:card\" content=\"summary_large_image\" \/>\n<meta name=\"twitter:label1\" content=\"Gesch\u00e4tzte Lesezeit\" \/>\n\t<meta name=\"twitter:data1\" content=\"3\u00a0Minuten\" \/>\n<script type=\"application\/ld+json\" class=\"yoast-schema-graph\">{\"@context\":\"https:\\\/\\\/schema.org\",\"@graph\":[{\"@type\":\"WebPage\",\"@id\":\"https:\\\/\\\/rottamipadana.it\\\/de\\\/kontakte\\\/\",\"url\":\"https:\\\/\\\/rottamipadana.it\\\/de\\\/kontakte\\\/\",\"name\":\"Kontakte - Rottami Padana S.p.A.\",\"isPartOf\":{\"@id\":\"https:\\\/\\\/rottamipadana.it\\\/de\\\/#website\"},\"datePublished\":\"2017-10-16T11:54:07+00:00\",\"dateModified\":\"2024-07-31T12:55:40+00:00\",\"breadcrumb\":{\"@id\":\"https:\\\/\\\/rottamipadana.it\\\/de\\\/kontakte\\\/#breadcrumb\"},\"inLanguage\":\"de\",\"potentialAction\":[{\"@type\":\"ReadAction\",\"target\":[\"https:\\\/\\\/rottamipadana.it\\\/de\\\/kontakte\\\/\"]}]},{\"@type\":\"BreadcrumbList\",\"@id\":\"https:\\\/\\\/rottamipadana.it\\\/de\\\/kontakte\\\/#breadcrumb\",\"itemListElement\":[{\"@type\":\"ListItem\",\"position\":1,\"name\":\"Home\",\"item\":\"https:\\\/\\\/rottamipadana.it\\\/de\\\/\"},{\"@type\":\"ListItem\",\"position\":2,\"name\":\"Kontakte\"}]},{\"@type\":\"WebSite\",\"@id\":\"https:\\\/\\\/rottamipadana.it\\\/de\\\/#website\",\"url\":\"https:\\\/\\\/rottamipadana.it\\\/de\\\/\",\"name\":\"Rottami Padana S.p.A.\",\"description\":\"Handel und Verarbeitung von Metallschrott\",\"publisher\":{\"@id\":\"https:\\\/\\\/rottamipadana.it\\\/de\\\/#organization\"},\"potentialAction\":[{\"@type\":\"SearchAction\",\"target\":{\"@type\":\"EntryPoint\",\"urlTemplate\":\"https:\\\/\\\/rottamipadana.it\\\/de\\\/?s={search_term_string}\"},\"query-input\":{\"@type\":\"PropertyValueSpecification\",\"valueRequired\":true,\"valueName\":\"search_term_string\"}}],\"inLanguage\":\"de\"},{\"@type\":\"Organization\",\"@id\":\"https:\\\/\\\/rottamipadana.it\\\/de\\\/#organization\",\"name\":\"Rottami Padana S.p.A.\",\"url\":\"https:\\\/\\\/rottamipadana.it\\\/de\\\/\",\"logo\":{\"@type\":\"ImageObject\",\"inLanguage\":\"de\",\"@id\":\"https:\\\/\\\/rottamipadana.it\\\/de\\\/#\\\/schema\\\/logo\\\/image\\\/\",\"url\":\"http:\\\/\\\/rottamipadana.it\\\/wp-content\\\/uploads\\\/2020\\\/08\\\/Rottami-Padana-Favicon.png\",\"contentUrl\":\"http:\\\/\\\/rottamipadana.it\\\/wp-content\\\/uploads\\\/2020\\\/08\\\/Rottami-Padana-Favicon.png\",\"width\":512,\"height\":512,\"caption\":\"Rottami Padana S.p.A.\"},\"image\":{\"@id\":\"https:\\\/\\\/rottamipadana.it\\\/de\\\/#\\\/schema\\\/logo\\\/image\\\/\"}}]}<\/script>\n<!-- \/ Yoast SEO plugin. -->","yoast_head_json":{"title":"Kontakte - Rottami Padana S.p.A.","robots":{"index":"index","follow":"follow","max-snippet":"max-snippet:-1","max-image-preview":"max-image-preview:large","max-video-preview":"max-video-preview:-1"},"canonical":"https:\/\/rottamipadana.it\/de\/kontakte\/","og_locale":"de_DE","og_type":"article","og_title":"Kontakte - Rottami Padana S.p.A.","og_description":"[vc_row fullwidth=&#8220;yes&#8220; css=&#8220;.vc_custom_1598192251493{background-color: #f7f9fa !important;background-position: center !important;background-repeat: no-repeat !important;background-size: cover !important;}&#8220;][vc_column][vc_gmaps link=&#8220;#E-8_JTNDaWZyYW1lJTIwc3JjJTNEJTIyaHR0cHMlM0ElMkYlMkZ3d3cuZ29vZ2xlLmNvbSUyRm1hcHMlMkZlbWJlZCUzRnBiJTNEJTIxMW0xNCUyMTFtOCUyMTFtMyUyMTFkMTExNzUuNDMxNTA2MzAwMTIlMjEyZDEwLjEwNDc3MjUlMjEzZDQ1LjU1MzE4NDUlMjEzbTIlMjExaTEwMjQlMjEyaTc2OCUyMTRmMTMuMSUyMTNtMyUyMTFtMiUyMTFzMHgwJTI1M0EweDMwNDIwOTQ0NTU0ZWVkMjAlMjEyc1JvdHRhbWklMjUyMFBhZGFuYSUyNTIwUy5wLkEuJTIxNWUwJTIxM20yJTIxMXNpdCUyMTJzaXQlMjE0djE1OTgxOTIxMzkwOTclMjE1bTIlMjExc2l0JTIxMnNpdCUyMiUyMHdpZHRoJTNEJTIyNjAwJTIyJTIwaGVpZ2h0JTNEJTIyNDUwJTIyJTIwZnJhbWVib3JkZXIlM0QlMjIwJTIyJTIwc3R5bGUlM0QlMjJib3JkZXIlM0EwJTIyJTIwYWxsb3dmdWxsc2NyZWVuJTNFJTNDJTJGaWZyYW1lJTNF&#8220;][\/vc_column][\/vc_row][vc_row css=&#8220;.vc_custom_1598198862866{background: #f7f9fa url(http:\/\/rottamipadana.it\/wp-content\/uploads\/2019\/05\/handy-bg-3.png?id=8929) !important;background-position: center !important;background-repeat: no-repeat !important;background-size: cover !important;}&#8220;][vc_column][vc_row_inner][vc_column_inner el_class=&#8220;hz&#8211;prefooter-infobox&#8220; width=&#8220;1\/2&#8243; offset=&#8220;vc_col-sm-offset-3&#8243;][\/vc_column_inner][\/vc_row_inner][\/vc_column][\/vc_row][vc_row disable_element=&#8220;yes&#8220; css=&#8220;.vc_custom_1612294603777{background: #f7f9fa url(http:\/\/rottamipadana.it\/wp-content\/uploads\/2019\/05\/handy-bg-3.png?id=8929) !important;background-position: center !important;background-repeat: no-repeat !important;background-size: cover !important;}&#8220;][vc_column][vc_row_inner][vc_column_inner width=&#8220;1\/2&#8243;][\/vc_column_inner][vc_column_inner width=&#8220;1\/2&#8243;][\/vc_column_inner][\/vc_row_inner][\/vc_column][\/vc_row][vc_row][vc_column][\/vc_column][\/vc_row]","og_url":"https:\/\/rottamipadana.it\/de\/kontakte\/","og_site_name":"Rottami Padana S.p.A.","article_modified_time":"2024-07-31T12:55:40+00:00","twitter_card":"summary_large_image","twitter_misc":{"Gesch\u00e4tzte Lesezeit":"3\u00a0Minuten"},"schema":{"@context":"https:\/\/schema.org","@graph":[{"@type":"WebPage","@id":"https:\/\/rottamipadana.it\/de\/kontakte\/","url":"https:\/\/rottamipadana.it\/de\/kontakte\/","name":"Kontakte - Rottami Padana S.p.A.","isPartOf":{"@id":"https:\/\/rottamipadana.it\/de\/#website"},"datePublished":"2017-10-16T11:54:07+00:00","dateModified":"2024-07-31T12:55:40+00:00","breadcrumb":{"@id":"https:\/\/rottamipadana.it\/de\/kontakte\/#breadcrumb"},"inLanguage":"de","potentialAction":[{"@type":"ReadAction","target":["https:\/\/rottamipadana.it\/de\/kontakte\/"]}]},{"@type":"BreadcrumbList","@id":"https:\/\/rottamipadana.it\/de\/kontakte\/#breadcrumb","itemListElement":[{"@type":"ListItem","position":1,"name":"Home","item":"https:\/\/rottamipadana.it\/de\/"},{"@type":"ListItem","position":2,"name":"Kontakte"}]},{"@type":"WebSite","@id":"https:\/\/rottamipadana.it\/de\/#website","url":"https:\/\/rottamipadana.it\/de\/","name":"Rottami Padana S.p.A.","description":"Handel und Verarbeitung von Metallschrott","publisher":{"@id":"https:\/\/rottamipadana.it\/de\/#organization"},"potentialAction":[{"@type":"SearchAction","target":{"@type":"EntryPoint","urlTemplate":"https:\/\/rottamipadana.it\/de\/?s={search_term_string}"},"query-input":{"@type":"PropertyValueSpecification","valueRequired":true,"valueName":"search_term_string"}}],"inLanguage":"de"},{"@type":"Organization","@id":"https:\/\/rottamipadana.it\/de\/#organization","name":"Rottami Padana S.p.A.","url":"https:\/\/rottamipadana.it\/de\/","logo":{"@type":"ImageObject","inLanguage":"de","@id":"https:\/\/rottamipadana.it\/de\/#\/schema\/logo\/image\/","url":"http:\/\/rottamipadana.it\/wp-content\/uploads\/2020\/08\/Rottami-Padana-Favicon.png","contentUrl":"http:\/\/rottamipadana.it\/wp-content\/uploads\/2020\/08\/Rottami-Padana-Favicon.png","width":512,"height":512,"caption":"Rottami Padana S.p.A."},"image":{"@id":"https:\/\/rottamipadana.it\/de\/#\/schema\/logo\/image\/"}}]}},"_links":{"self":[{"href":"https:\/\/rottamipadana.it\/de\/wp-json\/wp\/v2\/pages\/11185","targetHints":{"allow":["GET"]}}],"collection":[{"href":"https:\/\/rottamipadana.it\/de\/wp-json\/wp\/v2\/pages"}],"about":[{"href":"https:\/\/rottamipadana.it\/de\/wp-json\/wp\/v2\/types\/page"}],"author":[{"embeddable":true,"href":"https:\/\/rottamipadana.it\/de\/wp-json\/wp\/v2\/users\/1"}],"replies":[{"embeddable":true,"href":"https:\/\/rottamipadana.it\/de\/wp-json\/wp\/v2\/comments?post=11185"}],"version-history":[{"count":6,"href":"https:\/\/rottamipadana.it\/de\/wp-json\/wp\/v2\/pages\/11185\/revisions"}],"predecessor-version":[{"id":12275,"href":"https:\/\/rottamipadana.it\/de\/wp-json\/wp\/v2\/pages\/11185\/revisions\/12275"}],"wp:attachment":[{"href":"https:\/\/rottamipadana.it\/de\/wp-json\/wp\/v2\/media?parent=11185"}],"curies":[{"name":"wp","href":"https:\/\/api.w.org\/{rel}","templated":true}]}}