{"id":10742,"date":"2020-08-21T17:54:36","date_gmt":"2020-08-21T15:54:36","guid":{"rendered":"http:\/\/rottamipadana.it\/azienda\/"},"modified":"2021-02-08T18:22:34","modified_gmt":"2021-02-08T17:22:34","slug":"unternehmen","status":"publish","type":"page","link":"https:\/\/rottamipadana.it\/de\/unternehmen\/","title":{"rendered":"Unternehmen"},"content":{"rendered":"<div class=\"wpb-content-wrapper\"><p>[vc_row css=&#8220;.vc_custom_1558754119849{background-image: url(http:\/\/rottamipadana.it\/wp-content\/uploads\/2019\/05\/main-bg-1.png?id=8860) !important;background-position: center !important;background-repeat: no-repeat !important;background-size: cover !important;}&#8220; el_id=&#8220;first-row&#8220;][vc_column]\r\n\t<div class=\"bauer-spacer clearfix\" data-desktop=\"94\" data-mobi=\"60\" data-smobi=\"60\"><\/div>[vc_row_inner][vc_column_inner width=&#8220;1\/2&#8243;]<div class=\"bauer-single-heading clearfix \" style=\"margin-bottom:25px;\"><span class=\"inner\"><span class=\"heading clearfix \" style=\"font-weight:600;color:#cacaca;font-size:16px;\">\r\n\t\tROTTAMI PADANA SPA\r\n\t<\/span><\/span><\/div><h2 class=\"bauer-text clearfix \" style=\"font-size:42px;line-height:50px;margin-bottom:32px;\"><p>Sammlung und Handel von Eisen-, Nichteisen-und Legierungsschrott<\/p>\n<\/h2><div class=\"bauer-text clearfix \" style=\"font-size:18px;line-height:30px;color:#414042;margin-bottom:34px;\"><p>Rottami Padana SpA ist seit 1980 auf dem italienischen Markt pr\u00e4sent, im Bereich der Eisen- und Nichteisenschrottgewinnung t\u00e4tig und pr\u00e4sentiert sich als qualifizierter Lieferant f\u00fcr die wichtigsten Referenzgie\u00dfereien und -stahlwerke.<\/p>\n<\/div><div class=\"bauer-text clearfix \" style=\"\"><p>Die Pr\u00e4senz auch auf internationaler Ebene, sowohl in Bezug auf die Materialbeschaffung als auch in Bezug auf die Versorgung wichtiger ausl\u00e4ndischer Akteure, hat es dem Unternehmen erm\u00f6glicht, engmaschig pr\u00e4sent zu sein und sein Image sowohl in Italien als auch im Ausland zu st\u00e4rken.<\/p>\n<p>Das Unternehmen befindet sich im Industriegebiet von Castegnato in der Provinz Brescia und ist seit 2007 Gold Member von BIR, der wichtigsten internationalen Organisation von Unternehmen, die die R\u00fcckgewinnung und das Recycling von Stahl, Eisen und anderen Eisen- und Nichteisenmaterialien verwalten.<\/p>\n<p>Rottami Padana SpA ist im Nationalen Register der Unternehmen eingetragen, die in der Region Lombardei Abfallentsorgung betreiben, und verf\u00fcgt \u00fcber verschiedene Arten von Genehmigungen f\u00fcr die Sammlung, Behandlung und Verteilung zahlreicher Typen von Schrott.<\/p>\n<\/div>\r\n\t<div class=\"bauer-spacer clearfix\" data-desktop=\"60\" data-mobi=\"30\" data-smobi=\"30\"><\/div><div class=\"button-wrap icon-right\" style=\"\" ><a href=\"\/de\/kontakte\/\" target=\"_self\" class=\"bauer-button btn-982714985 medium no_icon custom outline solid outline-accent\" style=\"border-radius:30px;border-width:2px;\"  data-background=\"\" data-text=\"#f35c27\" data-text-hover=\"#ffffff\" data-background-hover=\"#f35c27\">\r\n\t\t<span style=\"\">Kontaktieren Sie uns <\/span>\r\n\t<\/a><\/div>[\/vc_column_inner][vc_column_inner width=&#8220;1\/2&#8243;]\r\n\t<div class=\"bauer-spacer clearfix\" data-desktop=\"55\" data-mobi=\"40\" data-smobi=\"40\"><\/div><div class=\"bauer-simple-image text-center\" style=\"\" >\r\n\t\t\t<img decoding=\"async\" alt=\"image\" src=\"https:\/\/rottamipadana.it\/wp-content\/uploads\/2020\/08\/company.jpg\" \/> \r\n\t\t<\/div>[\/vc_column_inner][\/vc_row_inner]\r\n\t<div class=\"bauer-spacer clearfix\" data-desktop=\"100\" data-mobi=\"60\" data-smobi=\"60\"><\/div>[\/vc_column][\/vc_row][vc_row css=&#8220;.vc_custom_1599734813815{background-image: url(http:\/\/rottamipadana.it\/wp-content\/uploads\/2020\/09\/bg-hero-big-008.jpg?id=9992) !important;background-position: center !important;background-repeat: no-repeat !important;background-size: cover !important;}&#8220;][vc_column]\r\n\t<div class=\"bauer-spacer clearfix\" data-desktop=\"100\" data-mobi=\"60\" data-smobi=\"60\"><\/div>[vc_row_inner column_inner_spacing=&#8220;100&#8243;][vc_column_inner el_class=&#8220;hz&#8211;prefooter-infobox&#8220; width=&#8220;1\/2&#8243; offset=&#8220;vc_col-sm-offset-3&#8243;]<div class=\"bauer-content-box clearfix \" data-padding=\"47px 50px 47px 50px\" data-mobipadding=\"40px\" data-margin=\"\" data-mobimargin=\"\" >\r\n\t\t<div class=\"inner ctb-1266007417\" style=\"\"  data-background=\"rgba(3,15,39,0.6)\" data-rounded=\"5px\" data-border-color=\"rgba(231,231,231,0.3)\" data-border-width=\"1px\">\r\n\t\t\t<h2 class=\"bauer-text clearfix \" style=\"font-size:36px;color:#f2f2f2;margin-bottom:15px;\"><p>Rottami Padana S.p.A.<\/p>\n<\/h2><div class=\"bauer-text clearfix \" style=\"color:#f2f2f2;margin-bottom:25px;\"><p>F\u00fcr weitere Informationen k\u00f6nnen Sie uns \u00fcber eine der folgenden Kontaktm\u00f6glichkeiten kontaktieren.<\/p>\n<\/div><div class=\"bauer-text clearfix \" style=\"color:#f2f2f2;margin-bottom:15px;\"><p><span class=\"font-weight-500 text-white\">Adresse<\/span><br \/>\n<span class=\"fas fa-map-marker-alt text-accent-color\" style=\"padding-right: 3px;\"><\/span> <span class=\"text-accent-color font-weight-600\"><a href=\"https:\/\/goo.gl\/maps\/1uEkZnGwCL2CZa8J8\" class=\"hover-white\" target=\"_blank\" rel=\"noopener noreferrer\">Via Padana Superiore, 92 &#8211; 25045 Castegnato (BS) &#8211; Italien<\/a><\/span><\/p>\n<\/div><div class=\"bauer-text clearfix \" style=\"color:#f2f2f2;margin-bottom:15px;\"><p><span class=\"font-weight-500 text-white\">Tel.<\/span><br \/>\n<span class=\"fas fa-phone text-accent-color\" style=\"padding-right: 5px;\"><\/span> <span class=\"text-accent-color font-weight-600\"><a href=\"tel:+390302140298\" class=\"hover-white\" rel=\"noopener noreferrer\">+39 030 2140298<\/a><\/span><\/p>\n<\/div><div class=\"bauer-text clearfix \" style=\"color:#f2f2f2;\"><p><span class=\"font-weight-500 text-white\">E-Mail<\/span><br \/>\n<span class=\"fas fa-envelope text-accent-color\" style=\"padding-right: 5px;\"><\/span> <span class=\"text-accent-color font-weight-600\"><a href=\"mailto:info@rottamipadana.it\" class=\"hover-white\" rel=\"noopener noreferrer\">info@rottamipadana.it<\/a><\/span><\/p>\n<\/div>\r\n\t\t<\/div>\r\n\t<\/div>\r\n\t<div class=\"bauer-spacer clearfix\" data-desktop=\"0\" data-mobi=\"40\" data-smobi=\"40\"><\/div>[\/vc_column_inner][\/vc_row_inner]\r\n\t<div class=\"bauer-spacer clearfix\" data-desktop=\"100\" data-mobi=\"60\" data-smobi=\"60\"><\/div>[\/vc_column][\/vc_row][vc_row disable_element=&#8220;yes&#8220; css=&#8220;.vc_custom_1612294644409{background-image: url(http:\/\/rottamipadana.it\/wp-content\/uploads\/2020\/09\/bg-hero-big-008.jpg?id=9992) !important;background-position: center !important;background-repeat: no-repeat !important;background-size: cover !important;}&#8220;][vc_column]\r\n\t<div class=\"bauer-spacer clearfix\" data-desktop=\"100\" data-mobi=\"60\" data-smobi=\"60\"><\/div>[vc_row_inner column_inner_spacing=&#8220;100&#8243;][vc_column_inner width=&#8220;1\/2&#8243;]<div class=\"bauer-content-box clearfix \" data-padding=\"47px 50px 47px 50px\" data-mobipadding=\"40px\" data-margin=\"\" data-mobimargin=\"\" >\r\n\t\t<div class=\"inner ctb-877709123\" style=\"\"  data-background=\"rgba(3,15,39,0.6)\" data-rounded=\"5px\" data-border-color=\"rgba(231,231,231,0.3)\" data-border-width=\"1px\">\r\n\t\t\t<h2 class=\"bauer-text clearfix \" style=\"font-size:36px;color:#f2f2f2;margin-bottom:15px;\"><p>Rottami Padana S.p.A.<\/p>\n<\/h2><div class=\"bauer-text clearfix \" style=\"color:#f2f2f2;margin-bottom:25px;\"><p>F\u00fcr weitere Informationen k\u00f6nnen Sie das Formular ausf\u00fcllen oder uns \u00fcber eine der folgenden Kontaktm\u00f6glichkeiten kontaktieren.<\/p>\n<\/div><div class=\"bauer-text clearfix \" style=\"color:#f2f2f2;margin-bottom:15px;\"><p><span class=\"font-weight-500 text-white\">Adresse<\/span><br \/>\n<span class=\"fas fa-map-marker-alt text-accent-color\" style=\"padding-right: 3px;\"><\/span> <span class=\"text-accent-color font-weight-600\"><a href=\"https:\/\/goo.gl\/maps\/1uEkZnGwCL2CZa8J8\" class=\"hover-white\" target=\"_blank\" rel=\"noopener noreferrer\">Via Padana Superiore, 92 &#8211; 25045 Castegnato (BS) &#8211; Italien<\/a><\/span><\/p>\n<\/div><div class=\"bauer-text clearfix \" style=\"color:#f2f2f2;margin-bottom:15px;\"><p><span class=\"font-weight-500 text-white\">Tel.<\/span><br \/>\n<span class=\"fas fa-phone text-accent-color\" style=\"padding-right: 5px;\"><\/span> <span class=\"text-accent-color font-weight-600\"><a href=\"tel:+390302140298\" class=\"hover-white\" rel=\"noopener noreferrer\">+39 030 2140298<\/a><\/span><\/p>\n<\/div><div class=\"bauer-text clearfix \" style=\"color:#f2f2f2;\"><p><span class=\"font-weight-500 text-white\">E-Mail<\/span><br \/>\n<span class=\"fas fa-envelope text-accent-color\" style=\"padding-right: 5px;\"><\/span> <span class=\"text-accent-color font-weight-600\"><a href=\"mailto:info@rottamipadana.it\" class=\"hover-white\" rel=\"noopener noreferrer\">info@rottamipadana.it<\/a><\/span><\/p>\n<\/div>\r\n\t\t<\/div>\r\n\t<\/div>\r\n\t<div class=\"bauer-spacer clearfix\" data-desktop=\"0\" data-mobi=\"40\" data-smobi=\"40\"><\/div>[\/vc_column_inner][vc_column_inner width=&#8220;1\/2&#8243;]<div class=\"bauer-content-box clearfix \" data-padding=\"53px 35px 53px 35px\" data-mobipadding=\"50px 35px 50px 35px\" data-margin=\"\" data-mobimargin=\"\" >\r\n\t\t<div class=\"inner ctb-707177966\" style=\"background-size:cover;\"  data-background=\"#f7f9fa\" data-rounded=\"5px\" data-border-width=\"1px\">\r\n\t\t\t[contact-form-7 id=&#8220;10609&#8243;]\r\n\t\t<\/div>\r\n\t<\/div>[\/vc_column_inner][\/vc_row_inner]\r\n\t<div class=\"bauer-spacer clearfix\" data-desktop=\"100\" data-mobi=\"60\" data-smobi=\"60\"><\/div>[\/vc_column][\/vc_row]<\/p>\n<\/div>","protected":false},"excerpt":{"rendered":"<p>[vc_row css=&#8220;.vc_custom_1558754119849{background-image: url(http:\/\/rottamipadana.it\/wp-content\/uploads\/2019\/05\/main-bg-1.png?id=8860) !important;background-position: center !important;background-repeat: no-repeat !important;background-size: cover !important;}&#8220; el_id=&#8220;first-row&#8220;][vc_column][vc_row_inner][vc_column_inner width=&#8220;1\/2&#8243;][\/vc_column_inner][vc_column_inner width=&#8220;1\/2&#8243;][\/vc_column_inner][\/vc_row_inner][\/vc_column][\/vc_row][vc_row css=&#8220;.vc_custom_1599734813815{background-image: url(http:\/\/rottamipadana.it\/wp-content\/uploads\/2020\/09\/bg-hero-big-008.jpg?id=9992) !important;background-position: center !important;background-repeat: no-repeat !important;background-size: cover !important;}&#8220;][vc_column][vc_row_inner column_inner_spacing=&#8220;100&#8243;][vc_column_inner el_class=&#8220;hz&#8211;prefooter-infobox&#8220; width=&#8220;1\/2&#8243; offset=&#8220;vc_col-sm-offset-3&#8243;][\/vc_column_inner][\/vc_row_inner][\/vc_column][\/vc_row][vc_row disable_element=&#8220;yes&#8220; css=&#8220;.vc_custom_1612294644409{background-image: url(http:\/\/rottamipadana.it\/wp-content\/uploads\/2020\/09\/bg-hero-big-008.jpg?id=9992) !important;background-position: center !important;background-repeat: no-repeat !important;background-size: cover !important;}&#8220;][vc_column][vc_row_inner column_inner_spacing=&#8220;100&#8243;][vc_column_inner width=&#8220;1\/2&#8243;][\/vc_column_inner][vc_column_inner width=&#8220;1\/2&#8243;][\/vc_column_inner][\/vc_row_inner][\/vc_column][\/vc_row]<\/p>\n","protected":false},"author":1,"featured_media":0,"parent":0,"menu_order":0,"comment_status":"closed","ping_status":"closed","template":"","meta":{"_acf_changed":false,"footnotes":""},"class_list":["post-10742","page","type-page","status-publish","hentry"],"acf":[],"yoast_head":"<!-- This site is optimized with the Yoast SEO plugin v27.3 - https:\/\/yoast.com\/product\/yoast-seo-wordpress\/ -->\n<title>Unternehmen - Rottami Padana S.p.A.<\/title>\n<meta name=\"robots\" content=\"index, follow, max-snippet:-1, max-image-preview:large, max-video-preview:-1\" \/>\n<link rel=\"canonical\" href=\"https:\/\/rottamipadana.it\/de\/unternehmen\/\" \/>\n<meta property=\"og:locale\" content=\"de_DE\" \/>\n<meta property=\"og:type\" content=\"article\" \/>\n<meta property=\"og:title\" content=\"Unternehmen - Rottami Padana S.p.A.\" \/>\n<meta property=\"og:description\" content=\"[vc_row css=&#8220;.vc_custom_1558754119849{background-image: url(http:\/\/rottamipadana.it\/wp-content\/uploads\/2019\/05\/main-bg-1.png?id=8860) !important;background-position: center !important;background-repeat: no-repeat !important;background-size: cover !important;}&#8220; el_id=&#8220;first-row&#8220;][vc_column][vc_row_inner][vc_column_inner width=&#8220;1\/2&#8243;][\/vc_column_inner][vc_column_inner width=&#8220;1\/2&#8243;][\/vc_column_inner][\/vc_row_inner][\/vc_column][\/vc_row][vc_row css=&#8220;.vc_custom_1599734813815{background-image: url(http:\/\/rottamipadana.it\/wp-content\/uploads\/2020\/09\/bg-hero-big-008.jpg?id=9992) !important;background-position: center !important;background-repeat: no-repeat !important;background-size: cover !important;}&#8220;][vc_column][vc_row_inner column_inner_spacing=&#8220;100&#8243;][vc_column_inner el_class=&#8220;hz&#8211;prefooter-infobox&#8220; width=&#8220;1\/2&#8243; offset=&#8220;vc_col-sm-offset-3&#8243;][\/vc_column_inner][\/vc_row_inner][\/vc_column][\/vc_row][vc_row disable_element=&#8220;yes&#8220; css=&#8220;.vc_custom_1612294644409{background-image: url(http:\/\/rottamipadana.it\/wp-content\/uploads\/2020\/09\/bg-hero-big-008.jpg?id=9992) !important;background-position: center !important;background-repeat: no-repeat !important;background-size: cover !important;}&#8220;][vc_column][vc_row_inner column_inner_spacing=&#8220;100&#8243;][vc_column_inner width=&#8220;1\/2&#8243;][\/vc_column_inner][vc_column_inner width=&#8220;1\/2&#8243;][\/vc_column_inner][\/vc_row_inner][\/vc_column][\/vc_row]\" \/>\n<meta property=\"og:url\" content=\"https:\/\/rottamipadana.it\/de\/unternehmen\/\" \/>\n<meta property=\"og:site_name\" content=\"Rottami Padana S.p.A.\" \/>\n<meta property=\"article:modified_time\" content=\"2021-02-08T17:22:34+00:00\" \/>\n<meta name=\"twitter:card\" content=\"summary_large_image\" \/>\n<meta name=\"twitter:label1\" content=\"Gesch\u00e4tzte Lesezeit\" \/>\n\t<meta name=\"twitter:data1\" content=\"4\u00a0Minuten\" \/>\n<script type=\"application\/ld+json\" class=\"yoast-schema-graph\">{\"@context\":\"https:\\\/\\\/schema.org\",\"@graph\":[{\"@type\":\"WebPage\",\"@id\":\"https:\\\/\\\/rottamipadana.it\\\/de\\\/unternehmen\\\/\",\"url\":\"https:\\\/\\\/rottamipadana.it\\\/de\\\/unternehmen\\\/\",\"name\":\"Unternehmen - Rottami Padana S.p.A.\",\"isPartOf\":{\"@id\":\"https:\\\/\\\/rottamipadana.it\\\/de\\\/#website\"},\"datePublished\":\"2020-08-21T15:54:36+00:00\",\"dateModified\":\"2021-02-08T17:22:34+00:00\",\"breadcrumb\":{\"@id\":\"https:\\\/\\\/rottamipadana.it\\\/de\\\/unternehmen\\\/#breadcrumb\"},\"inLanguage\":\"de\",\"potentialAction\":[{\"@type\":\"ReadAction\",\"target\":[\"https:\\\/\\\/rottamipadana.it\\\/de\\\/unternehmen\\\/\"]}]},{\"@type\":\"BreadcrumbList\",\"@id\":\"https:\\\/\\\/rottamipadana.it\\\/de\\\/unternehmen\\\/#breadcrumb\",\"itemListElement\":[{\"@type\":\"ListItem\",\"position\":1,\"name\":\"Home\",\"item\":\"https:\\\/\\\/rottamipadana.it\\\/de\\\/\"},{\"@type\":\"ListItem\",\"position\":2,\"name\":\"Unternehmen\"}]},{\"@type\":\"WebSite\",\"@id\":\"https:\\\/\\\/rottamipadana.it\\\/de\\\/#website\",\"url\":\"https:\\\/\\\/rottamipadana.it\\\/de\\\/\",\"name\":\"Rottami Padana S.p.A.\",\"description\":\"Handel und Verarbeitung von Metallschrott\",\"publisher\":{\"@id\":\"https:\\\/\\\/rottamipadana.it\\\/de\\\/#organization\"},\"potentialAction\":[{\"@type\":\"SearchAction\",\"target\":{\"@type\":\"EntryPoint\",\"urlTemplate\":\"https:\\\/\\\/rottamipadana.it\\\/de\\\/?s={search_term_string}\"},\"query-input\":{\"@type\":\"PropertyValueSpecification\",\"valueRequired\":true,\"valueName\":\"search_term_string\"}}],\"inLanguage\":\"de\"},{\"@type\":\"Organization\",\"@id\":\"https:\\\/\\\/rottamipadana.it\\\/de\\\/#organization\",\"name\":\"Rottami Padana S.p.A.\",\"url\":\"https:\\\/\\\/rottamipadana.it\\\/de\\\/\",\"logo\":{\"@type\":\"ImageObject\",\"inLanguage\":\"de\",\"@id\":\"https:\\\/\\\/rottamipadana.it\\\/de\\\/#\\\/schema\\\/logo\\\/image\\\/\",\"url\":\"http:\\\/\\\/rottamipadana.it\\\/wp-content\\\/uploads\\\/2020\\\/08\\\/Rottami-Padana-Favicon.png\",\"contentUrl\":\"http:\\\/\\\/rottamipadana.it\\\/wp-content\\\/uploads\\\/2020\\\/08\\\/Rottami-Padana-Favicon.png\",\"width\":512,\"height\":512,\"caption\":\"Rottami Padana S.p.A.\"},\"image\":{\"@id\":\"https:\\\/\\\/rottamipadana.it\\\/de\\\/#\\\/schema\\\/logo\\\/image\\\/\"}}]}<\/script>\n<!-- \/ Yoast SEO plugin. -->","yoast_head_json":{"title":"Unternehmen - Rottami Padana S.p.A.","robots":{"index":"index","follow":"follow","max-snippet":"max-snippet:-1","max-image-preview":"max-image-preview:large","max-video-preview":"max-video-preview:-1"},"canonical":"https:\/\/rottamipadana.it\/de\/unternehmen\/","og_locale":"de_DE","og_type":"article","og_title":"Unternehmen - Rottami Padana S.p.A.","og_description":"[vc_row css=&#8220;.vc_custom_1558754119849{background-image: url(http:\/\/rottamipadana.it\/wp-content\/uploads\/2019\/05\/main-bg-1.png?id=8860) !important;background-position: center !important;background-repeat: no-repeat !important;background-size: cover !important;}&#8220; el_id=&#8220;first-row&#8220;][vc_column][vc_row_inner][vc_column_inner width=&#8220;1\/2&#8243;][\/vc_column_inner][vc_column_inner width=&#8220;1\/2&#8243;][\/vc_column_inner][\/vc_row_inner][\/vc_column][\/vc_row][vc_row css=&#8220;.vc_custom_1599734813815{background-image: url(http:\/\/rottamipadana.it\/wp-content\/uploads\/2020\/09\/bg-hero-big-008.jpg?id=9992) !important;background-position: center !important;background-repeat: no-repeat !important;background-size: cover !important;}&#8220;][vc_column][vc_row_inner column_inner_spacing=&#8220;100&#8243;][vc_column_inner el_class=&#8220;hz&#8211;prefooter-infobox&#8220; width=&#8220;1\/2&#8243; offset=&#8220;vc_col-sm-offset-3&#8243;][\/vc_column_inner][\/vc_row_inner][\/vc_column][\/vc_row][vc_row disable_element=&#8220;yes&#8220; css=&#8220;.vc_custom_1612294644409{background-image: url(http:\/\/rottamipadana.it\/wp-content\/uploads\/2020\/09\/bg-hero-big-008.jpg?id=9992) !important;background-position: center !important;background-repeat: no-repeat !important;background-size: cover !important;}&#8220;][vc_column][vc_row_inner column_inner_spacing=&#8220;100&#8243;][vc_column_inner width=&#8220;1\/2&#8243;][\/vc_column_inner][vc_column_inner width=&#8220;1\/2&#8243;][\/vc_column_inner][\/vc_row_inner][\/vc_column][\/vc_row]","og_url":"https:\/\/rottamipadana.it\/de\/unternehmen\/","og_site_name":"Rottami Padana S.p.A.","article_modified_time":"2021-02-08T17:22:34+00:00","twitter_card":"summary_large_image","twitter_misc":{"Gesch\u00e4tzte Lesezeit":"4\u00a0Minuten"},"schema":{"@context":"https:\/\/schema.org","@graph":[{"@type":"WebPage","@id":"https:\/\/rottamipadana.it\/de\/unternehmen\/","url":"https:\/\/rottamipadana.it\/de\/unternehmen\/","name":"Unternehmen - Rottami Padana S.p.A.","isPartOf":{"@id":"https:\/\/rottamipadana.it\/de\/#website"},"datePublished":"2020-08-21T15:54:36+00:00","dateModified":"2021-02-08T17:22:34+00:00","breadcrumb":{"@id":"https:\/\/rottamipadana.it\/de\/unternehmen\/#breadcrumb"},"inLanguage":"de","potentialAction":[{"@type":"ReadAction","target":["https:\/\/rottamipadana.it\/de\/unternehmen\/"]}]},{"@type":"BreadcrumbList","@id":"https:\/\/rottamipadana.it\/de\/unternehmen\/#breadcrumb","itemListElement":[{"@type":"ListItem","position":1,"name":"Home","item":"https:\/\/rottamipadana.it\/de\/"},{"@type":"ListItem","position":2,"name":"Unternehmen"}]},{"@type":"WebSite","@id":"https:\/\/rottamipadana.it\/de\/#website","url":"https:\/\/rottamipadana.it\/de\/","name":"Rottami Padana S.p.A.","description":"Handel und Verarbeitung von Metallschrott","publisher":{"@id":"https:\/\/rottamipadana.it\/de\/#organization"},"potentialAction":[{"@type":"SearchAction","target":{"@type":"EntryPoint","urlTemplate":"https:\/\/rottamipadana.it\/de\/?s={search_term_string}"},"query-input":{"@type":"PropertyValueSpecification","valueRequired":true,"valueName":"search_term_string"}}],"inLanguage":"de"},{"@type":"Organization","@id":"https:\/\/rottamipadana.it\/de\/#organization","name":"Rottami Padana S.p.A.","url":"https:\/\/rottamipadana.it\/de\/","logo":{"@type":"ImageObject","inLanguage":"de","@id":"https:\/\/rottamipadana.it\/de\/#\/schema\/logo\/image\/","url":"http:\/\/rottamipadana.it\/wp-content\/uploads\/2020\/08\/Rottami-Padana-Favicon.png","contentUrl":"http:\/\/rottamipadana.it\/wp-content\/uploads\/2020\/08\/Rottami-Padana-Favicon.png","width":512,"height":512,"caption":"Rottami Padana S.p.A."},"image":{"@id":"https:\/\/rottamipadana.it\/de\/#\/schema\/logo\/image\/"}}]}},"_links":{"self":[{"href":"https:\/\/rottamipadana.it\/de\/wp-json\/wp\/v2\/pages\/10742","targetHints":{"allow":["GET"]}}],"collection":[{"href":"https:\/\/rottamipadana.it\/de\/wp-json\/wp\/v2\/pages"}],"about":[{"href":"https:\/\/rottamipadana.it\/de\/wp-json\/wp\/v2\/types\/page"}],"author":[{"embeddable":true,"href":"https:\/\/rottamipadana.it\/de\/wp-json\/wp\/v2\/users\/1"}],"replies":[{"embeddable":true,"href":"https:\/\/rottamipadana.it\/de\/wp-json\/wp\/v2\/comments?post=10742"}],"version-history":[{"count":5,"href":"https:\/\/rottamipadana.it\/de\/wp-json\/wp\/v2\/pages\/10742\/revisions"}],"predecessor-version":[{"id":12020,"href":"https:\/\/rottamipadana.it\/de\/wp-json\/wp\/v2\/pages\/10742\/revisions\/12020"}],"wp:attachment":[{"href":"https:\/\/rottamipadana.it\/de\/wp-json\/wp\/v2\/media?parent=10742"}],"curies":[{"name":"wp","href":"https:\/\/api.w.org\/{rel}","templated":true}]}}